{"id":4079,"date":"2025-02-28T17:20:21","date_gmt":"2025-02-28T17:20:21","guid":{"rendered":"https:\/\/polpharmabiologics.com\/?page_id=4079"},"modified":"2025-02-28T17:46:32","modified_gmt":"2025-02-28T17:46:32","slug":"polityka-prywatnosci","status":"publish","type":"page","link":"https:\/\/polpharmabiologics.com\/pl\/polityka-prywatnosci\/","title":{"rendered":"Polityka prywatno\u015bci"},"content":{"rendered":"\t\t<div data-elementor-type=\"wp-page\" data-elementor-id=\"4079\" class=\"elementor elementor-4079\" data-elementor-post-type=\"page\">\n\t\t\t\t<div data-particle_enable=\"false\" data-particle-mobile-disabled=\"false\" class=\"elementor-element elementor-element-4571bb8 e-con-full e-flex e-con e-parent\" data-id=\"4571bb8\" data-element_type=\"container\" data-e-type=\"container\" data-settings=\"{&quot;background_background&quot;:&quot;classic&quot;,&quot;ekit_has_onepagescroll_dot&quot;:&quot;yes&quot;}\">\n\t\t<div data-particle_enable=\"false\" data-particle-mobile-disabled=\"false\" class=\"elementor-element elementor-element-174941a e-flex e-con-boxed e-con e-child\" data-id=\"174941a\" data-element_type=\"container\" data-e-type=\"container\" data-settings=\"{&quot;ekit_has_onepagescroll_dot&quot;:&quot;yes&quot;}\">\n\t\t\t\t\t<div class=\"e-con-inner\">\n\t\t<div data-particle_enable=\"false\" data-particle-mobile-disabled=\"false\" class=\"elementor-element elementor-element-e85ebcd e-con-full e-flex e-con e-child\" data-id=\"e85ebcd\" data-element_type=\"container\" data-e-type=\"container\" data-settings=\"{&quot;ekit_has_onepagescroll_dot&quot;:&quot;yes&quot;}\">\n\t\t<div data-particle_enable=\"false\" data-particle-mobile-disabled=\"false\" class=\"elementor-element elementor-element-3ac5e39 e-con-full e-flex e-con e-child\" data-id=\"3ac5e39\" data-element_type=\"container\" data-e-type=\"container\" data-settings=\"{&quot;ekit_has_onepagescroll_dot&quot;:&quot;yes&quot;}\">\n\t\t\t\t<div class=\"elementor-element elementor-element-514924f elementor-widget elementor-widget-heading\" data-id=\"514924f\" data-element_type=\"widget\" data-e-type=\"widget\" data-settings=\"{&quot;ekit_we_effect_on&quot;:&quot;none&quot;}\" data-widget_type=\"heading.default\">\n\t\t\t\t<div class=\"elementor-widget-container\">\n\t\t\t\t\t<h1 class=\"elementor-heading-title elementor-size-default\">Polityka prywatno\u015bci<\/h1>\t\t\t\t<\/div>\n\t\t\t\t<\/div>\n\t\t\t\t<\/div>\n\t\t\t\t<\/div>\n\t\t<div data-particle_enable=\"false\" data-particle-mobile-disabled=\"false\" class=\"elementor-element elementor-element-8d8cbaa e-con-full e-flex e-con e-child\" data-id=\"8d8cbaa\" data-element_type=\"container\" data-e-type=\"container\" data-settings=\"{&quot;ekit_has_onepagescroll_dot&quot;:&quot;yes&quot;}\">\n\t\t<div data-particle_enable=\"false\" data-particle-mobile-disabled=\"false\" class=\"elementor-element elementor-element-f1547df e-con-full e-flex e-con e-child\" data-id=\"f1547df\" data-element_type=\"container\" data-e-type=\"container\" data-settings=\"{&quot;ekit_has_onepagescroll_dot&quot;:&quot;yes&quot;}\">\n\t\t<div data-particle_enable=\"false\" data-particle-mobile-disabled=\"false\" class=\"elementor-element elementor-element-dd93c42 e-con-full e-flex e-con e-child\" data-id=\"dd93c42\" data-element_type=\"container\" data-e-type=\"container\" data-settings=\"{&quot;background_background&quot;:&quot;classic&quot;,&quot;ekit_has_onepagescroll_dot&quot;:&quot;yes&quot;}\">\n\t\t\t\t<div class=\"elementor-element elementor-element-86b6646 elementor-widget elementor-widget-html\" data-id=\"86b6646\" data-element_type=\"widget\" data-e-type=\"widget\" data-settings=\"{&quot;ekit_we_effect_on&quot;:&quot;none&quot;}\" data-widget_type=\"html.default\">\n\t\t\t\t<div class=\"elementor-widget-container\">\n\t\t\t\t\t                    <p>Grupa Polpharma Biologics jest zaanga\u017cowana w ochron\u0119 Pa\u0144stwa prywatno\u015bci oraz danych osobowych. Niniejszy dokument zawiera szczeg\u00f3\u0142owe informacje dotycz\u0105ce przetwarzania danych osobowych u\u017cytkownik\u00f3w tej witryny internetowej (dalej jako \u201eWitryna\u201d), os\u00f3b, z kt\u00f3rymi nawi\u0105zujemy kontakt w toku naszej dzia\u0142alno\u015bci oraz os\u00f3b, kt\u00f3re wyrazi\u0142y zgod\u0119 na otrzymywanie tre\u015bci marketingowych.<\/p>\n\n<p>&nbsp;<\/p>\n\n<p><strong>1. Administrator danych osobowych&nbsp;<\/strong><\/p>\n\n<p>Wsp\u00f3\u0142administratorami Pa\u0144stwa danych osobowych przetwarzanych na stronie internetowej s\u0105:<\/p>\n\n<ul>\n\t<li>\n\t<p>Polpharma Biologics S.A. z siedzib\u0105 w Gda\u0144sku, ul. Trzy Lipy 3, 80-172 Gda\u0144sk,&nbsp;<\/p>\n\t<\/li>\n\t<li>\n\t<p>Polpharma Biologics Utrecht B.V. ul. Yalelaan 46, 3584 CM Utrecht, Holandia;<\/p>\n\t<\/li>\n\t<li>\n\t<p>Polpharma Biologics Group B.V., Herengracht 458, 1017 CA Amsterdam, Holandia;<\/p>\n\t<\/li>\n<\/ul>\n\n<p>dalej \u0142\u0105cznie zwane \u201eWsp\u00f3\u0142administratorami\u201d.<\/p>\n\n<p>W przypadku nawi\u0105zania przez Pa\u0144stwa kontaktu z jednym ze Wsp\u00f3\u0142administrator\u00f3w, podmiot ten stanie si\u0119 samodzielnym administratorem Pa\u0144stwa danych osobowych.<\/p>\n\n<p>&nbsp;<\/p>\n\n<p><strong>2.&nbsp;Inspektor ochrony danych<\/strong><\/p>\n\n<p>Wyznaczyli\u015bmy inspektora ochrony danych. Jest to osoba, z kt\u00f3r\u0105 mog\u0105 si\u0119 Pa\u0144stwo kontaktowa\u0107 we wszystkich sprawach dotycz\u0105cych przetwarzania danych osobowych oraz korzystania z praw zwi\u0105zanych z przetwarzaniem danych. Z inspektorem mo\u017cna kontaktowa\u0107 si\u0119 w nast\u0119puj\u0105cy spos\u00f3b:<\/p>\n\n<ul>\n\t<li>\n\t<p>listownie pod adresem: ul. Trzy Lipy 3, 80-172 Gda\u0144sk;<\/p>\n\t<\/li>\n\t<li>\n\t<p>przez e-mail: <u><a href=\"mailto:iod@polpharmabiologics.com\">iod@polpharmabiologics.com<\/a><\/u>.<\/p>\n\t<\/li>\n<\/ul>\n\n<p>&nbsp;<\/p>\n\n<p><strong>3. Zakres przetwarzanych danych<\/strong><\/p>\n\n<p>Pa\u0144stwa dane osobowe mog\u0105 by\u0107 przetwarzane przez Wsp\u00f3\u0142administrator\u00f3w w nast\u0119puj\u0105cym zakresie:<\/p>\n\n<ul>\n\t<li>\n\t<p>dane przekazywane nam przez Pa\u0144stwa w celach kontaktowych (takie jak: imi\u0119, nazwisko, adres e-mail, numer telefonu, podmiot, w imieniu kt\u00f3rego piszecie Pa\u0144stwo wiadomo\u015b\u0107);<\/p>\n\t<\/li>\n\t<li>\n\t<p>adres IP i dane dotycz\u0105ce Pa\u0144stwa aktywno\u015bci w Witrynie (np. data i godzina dost\u0119pu do Witryny, nazwa i URL wywo\u0142anego pliku, ilo\u015b\u0107 przes\u0142anych danych, dane identyfikacyjne u\u017cywanej przegl\u0105darki i systemu operacyjnego).&nbsp;<\/p>\n\t<\/li>\n<\/ul>\n\n<p>Potrzeba podania przez Pa\u0144stwa danych osobowych nie wynika z \u017cadnych zobowi\u0105za\u0144 prawnych ani umownych, jednak ich nieujawnienie w pewnych przypadkach mo\u017ce powodowa\u0107 trudno\u015bci lub uniemo\u017cliwi\u0107 korzystanie z niekt\u00f3rych funkcjonalno\u015bci Witryny a tak\u017ce nawi\u0105zanie z nami kontaktu.<\/p>\n\n<p>&nbsp;<\/p>\n\n<p><strong>4. Cele przetwarzania danych osobowych oraz podstawa prawna przetwarzania<\/strong><\/p>\n\n<p>Celem przetwarzania danych osobowych u\u017cytkownik\u00f3w Witryny jest:<\/p>\n\n<ul>\n\t<li>\n\t<p>umo\u017cliwienie korzystania z Witryny oraz wykonywanie czynno\u015bci zwi\u0105zanych z administrowaniem Witryn\u0105 \u2013 podstaw\u0105 prawn\u0105 przetwarzania jest nasz prawnie uzasadniony interes polegaj\u0105cy na zapewnieniu w\u0142a\u015bciwego funkcjonowania Witryny;<\/p>\n\t<\/li>\n\t<li>\n\t<p>analiza Pa\u0144stwa aktywno\u015bci w Witrynie, w tym tworzenie statystyk \u2013 podstaw\u0105 prawn\u0105 przetwarzania jest udzielona przez Pa\u0144stwa zgoda.<\/p>\n\t<\/li>\n\t<li>\n\t<p>zapewnienie wi\u0119kszej funkcjonalno\u015bci i personalizacji Witryny \u2013 podstaw\u0105 prawn\u0105 przetwarzania jest udzielona przez Pa\u0144stwa zgoda.<\/p>\n\t<\/li>\n\t<li>\n\t<p>personalizacja reklam \u2013 podstaw\u0105 prawn\u0105 przetwarzania jest udzielona przez Pa\u0144stwa zgoda.<\/p>\n\t<\/li>\n<\/ul>\n\n<p>Celem przetwarzania danych osobowych os\u00f3b kontaktuj\u0105cych si\u0119 z nami, w tym poprzez dedykowany formularz kontaktowy, jest:<\/p>\n\n<ul>\n\t<li>\n\t<p>umo\u017cliwienie Pa\u0144stwu komunikowania si\u0119 z ka\u017cdym ze Wsp\u00f3\u0142administrator\u00f3w oraz udzielenie odpowiedzi na Pa\u0144stwa pytania \u2013 podstaw\u0105 prawn\u0105 przetwarzania jest nasz prawnie uzasadniony interes polegaj\u0105cy na mo\u017cliwo\u015bci kontaktowania si\u0119 z osobami zainteresowanymi nasz\u0105 dzia\u0142alno\u015bci\u0105;<\/p>\n\t<\/li>\n\t<li>\n\t<p>ustalanie, dochodzenie lub obrona przed roszczeniami, jakie mog\u0105 powsta\u0107 w zwi\u0105zku z u\u017cytkowaniem Witryny \u2013 podstaw\u0105 prawn\u0105 przetwarzania jest nasz prawnie uzasadniony interes polegaj\u0105cy na mo\u017cliwo\u015bci obrony przed roszczeniami lub dochodzeniu roszcze\u0144;<\/p>\n\t<\/li>\n\t<li>\n\t<p>podj\u0119cie krok\u00f3w, aby rozpocz\u0105\u0107 wsp\u00f3\u0142prac\u0119 z Pa\u0144stwem (np. poprzez przes\u0142anie wiadomo\u015bci poczt\u0105 elektroniczn\u0105) \u2013 podstaw\u0105 prawn\u0105 przetwarzania jest nasz prawnie uzasadniony interes polegaj\u0105cy na mo\u017cliwo\u015bci nawi\u0105zywania przez nas relacji biznesowych.<\/p>\n\t<\/li>\n<\/ul>\n\n<p>Celem przetwarzania danych osobowych os\u00f3b, kt\u00f3re wyrazi\u0142y zgod\u0119 na otrzymywanie tre\u015bci marketingowych jest:<\/p>\n\n<ul>\n\t<li>\n\t<p>przesy\u0142anie Pa\u0144stwu tre\u015bci marketingowych \u2013 podstaw\u0105 prawn\u0105 przetwarzania jest zgoda, kt\u00f3r\u0105 wyrazili Pa\u0144stwo zapisuj\u0105c si\u0119 do naszego biuletynu.<\/p>\n\t<\/li>\n<\/ul>\n\n<p>&nbsp;<\/p>\n\n<p><strong>5. Okres przechowywania danych osobowych<\/strong><\/p>\n\n<p>Dane osobowe b\u0119d\u0105 przechowywane tak d\u0142ugo, jak jest to niezb\u0119dne dla osi\u0105gni\u0119cia cel\u00f3w, dla kt\u00f3rych zosta\u0142y zebrane. To oznacza, \u017ce okres przechowywania Pa\u0144stwa danych osobowych b\u0119dzie r\u00f3\u017cny w zale\u017cno\u015bci od celu, dla kt\u00f3rego dane osobowe s\u0105 przetwarzane.<\/p>\n\n<p>Co do zasady, Pa\u0144stwa dane, pozyskane w zwi\u0105zku z u\u017cytkowaniem Witryny i przetwarzane w celach wskazanych w pkt. 4., b\u0119d\u0105 przechowywane do czasu realizacji naszego prawnie uzasadnionego interesu lub wniesienia przez Pa\u0144stwa skutecznego sprzeciwu wobec przetwarzania danych (w zale\u017cno\u015bci od tego, kt\u00f3ry z tych termin\u00f3w nast\u0105pi jako pierwszy).<\/p>\n\n<p>W&nbsp;przypadku przetwarzania Pa\u0144stwa danych pozyskanych w celu nawi\u0105zania z kontaktu z kt\u00f3rymkolwiek ze Wsp\u00f3\u0142administrator\u00f3w, dane b\u0119d\u0105 przechowywane przez okres niezb\u0119dny do udzielenia Pa\u0144stwu odpowiedzi.<\/p>\n\n<p>W przypadku, gdy Pa\u0144stwa dane s\u0105 przetwarzane na podstawie wyra\u017conej przez Pa\u0144stwa zgody, b\u0119dziemy przetwarza\u0107 Pa\u0144stwa dane do momentu wycofania przez Pa\u0144stwa zgody, chyba \u017ce wcze\u015bniej ustanie cel przetwarzania (np. zrezygnujemy z wysy\u0142ania informacji handlowej drog\u0105 elektroniczn\u0105).<\/p>\n\n<p>&nbsp;<\/p>\n\n<p><strong>6. Odbiorcy danych osobowych<\/strong><\/p>\n\n<p>Wsp\u00f3\u0142administratorzy mog\u0105 przekazywa\u0107 Pa\u0144stwa dane osobowe nast\u0119puj\u0105cym kategoriom odbiorc\u00f3w:&nbsp;<\/p>\n\n<ul>\n\t<li>\n\t<p>us\u0142ugodawcom, czyli zewn\u0119trznym podmiotom pomagaj\u0105cym nam w prowadzeniu dzia\u0142alno\u015bci (m.in. dostawcom us\u0142ug IT, podmiotom \u015bwiadcz\u0105cym us\u0142ugi doradcze i prawne), z kt\u00f3rymi zawarli\u015bmy odpowiednie umowy reguluj\u0105ce przetwarzanie Pa\u0144stwa danych;<\/p>\n\t<\/li>\n\t<li>\n\t<p>organom w\u0142adzy publicznej, uprawnionym do przetwarzania tych danych na podstawie obowi\u0105zuj\u0105cych przepis\u00f3w prawa;<\/p>\n\t<\/li>\n\t<li>\n\t<p>innym podmiotom z grupy Polpharma Biologics - w zakresie, w jakim jest to niezb\u0119dne do realizacji opisanych powy\u017cej cel\u00f3w.<\/p>\n\t<\/li>\n<\/ul>\n\n<p>Odbiorcy danych osobowych mog\u0105 posiada\u0107 miejsce zamieszkania lub siedzib\u0119 w pa\u0144stwach spoza Unii Europejskiej (\u201eUE\u201d) lub Europejskiego Obszaru Gospodarczego (\u201eEOG\u201d). Przesy\u0142anie danych osobowych poza UE lub EOG odbywa si\u0119 albo do pa\u0144stw, co do kt\u00f3rych Komisja Europejska stwierdzi\u0142a, \u017ce gwarantuj\u0105 odpowiedni poziom ochrony danych lub z zastosowaniem odpowiednich zabezpiecze\u0144. W takich przypadkach mog\u0105 Pa\u0144stwo za\u017c\u0105da\u0107 kopii tych odpowiednich zabezpiecze\u0144 lub wskazania miejsca, gdzie Pa\u0144stwa dane zosta\u0142y udost\u0119pnione, kontaktuj\u0105c si\u0119 z nami w spos\u00f3b wskazany w pkt. 2 powy\u017cej.<\/p>\n\n<p>&nbsp;<\/p>\n\n<p><strong>7. Prawa zwi\u0105zane z przetwarzaniem danych osobowych<\/strong><\/p>\n\n<p>W zwi\u0105zku z przetwarzaniem danych osobowych przys\u0142uguje Pa\u0144stwu prawo do:&nbsp;<\/p>\n\n<ul>\n\t<li>\n\t<p>uzyskania dost\u0119pu do danych osobowych,&nbsp;<\/p>\n\t<\/li>\n\t<li>\n\t<p>otrzymania kopii danych osobowych,&nbsp;<\/p>\n\t<\/li>\n\t<li>\n\t<p>poprawienia lub sprostowania wszelkich danych, kt\u00f3re s\u0105 nieprawid\u0142owe lub niekompletne,&nbsp;<\/p>\n\t<\/li>\n\t<li>\n\t<p>\u017c\u0105dania usuni\u0119cia danych lub \u017c\u0105dania ograniczenia ich przetwarzania,<\/p>\n\t<\/li>\n\t<li>\n\t<p>wycofania zgody na przetwarzanie danych osobowych,<\/p>\n\t<\/li>\n\t<li>\n\t<p>wniesienia sprzeciwu wobec przetwarzania danych osobowych,<\/p>\n\t<\/li>\n\t<li>\n\t<p>przenoszenia danych,&nbsp;tj. prawo otrzymania od nas Pa\u0144stwa danych osobowych, w ustrukturyzowanym, powszechnie u\u017cywanym formacie informatycznym nadaj\u0105cym si\u0119 do odczytu maszynowego. Mog\u0105 Pa\u0144stwo przes\u0142a\u0107 te dane innemu administratorowi danych lub za\u017c\u0105da\u0107, aby\u015bmy przes\u0142ali Pa\u0144stwa dane do innego administratora. Jednak\u017ce zrobimy to tylko je\u015bli takie przes\u0142anie jest technicznie mo\u017cliwe. Prawo do przenoszenia danych osobowych przys\u0142uguje Pa\u0144stwu tylko co do tych danych, kt\u00f3re przetwarzamy na podstawie Pa\u0144stwa zgody.<\/p>\n\t<\/li>\n<\/ul>\n\n<p>W przypadku przetwarzania danych osobowych na podstawie naszego prawnie uzasadnionego interesu, maj\u0105 Pa\u0144stwo prawo wyra\u017cenia sprzeciwu wobec takiego przetwarzania danych w dowolnym momencie, z przyczyn zwi\u0105zanych z Pa\u0144stwa szczeg\u00f3ln\u0105 sytuacj\u0105.&nbsp;<\/p>\n\n<p>W zakresie, w jakim Pa\u0144stwa dane s\u0105 przetwarzane na podstawie zgody, maj\u0105 Pa\u0144stwo prawo do wycofania zgody na przetwarzanie danych w dowolnym momencie. Wycofanie zgody nie ma wp\u0142ywu na zgodno\u015b\u0107 z prawem przetwarzania, kt\u00f3rego dokonano na podstawie Pa\u0144stwa zgody przed jej wycofaniem.<\/p>\n\n<p>W celu skorzystania z powy\u017cszych praw prosimy o kontakt na adres wskazany w pkt 2.<\/p>\n\n<p>Ponadto maj\u0105 Pa\u0144stwo prawo do wniesienia skargi do Prezesa Urz\u0119du Ochrony Danych Osobowych (<u><a href=\"https:\/\/www.uodo.gov.pl\/\">https:\/\/www.uodo.gov.pl\/<\/a><\/u>&nbsp;ul. Stawki 2, 00 - 193 Warszawa) lub Holenderskiego Urz\u0119du ds. Ochrony Danych Osobowych (<u><a href=\"https:\/\/www.autoriteitpersoonsgegevens.nl\/\">https:\/\/www.autoriteitpersoonsgegevens.nl\/<\/a><\/u>, Autoriteit Persoonsgegevens, PO Box 93374, 2509 AJ DEN HAAG, The Netherlands).<\/p>\n\n<p>&nbsp;<\/p>\n\n<p><strong>8. Bezpiecze\u0144stwo<\/strong><\/p>\n\n<p>W celu zapewnienia ochrony Pa\u0144stwa danych osobowych przed ich nieuprawnionym wykorzystaniem, przetworzeniem, pozyskaniem i modyfikowaniem Wsp\u00f3\u0142administratorzy stosuj\u0105 adekwatne i zgodne z aktualnym stanem techniki \u015brodki bezpiecze\u0144stwa.&nbsp;<\/p>\n\n<p>Korzystanie przez Pa\u0144stwa z Witryny nie wi\u0105\u017ce si\u0119 ze szczeg\u00f3lnymi zagro\u017ceniami, innymi ni\u017c normalne zagro\u017cenia zwi\u0105zane z korzystaniem z sieci Internet. Jednak zalecamy Pa\u0144stwu ostro\u017cno\u015b\u0107 i korzystanie z odpowiedniego oprogramowania, w szczeg\u00f3lno\u015bci program\u00f3w antywirusowych oraz zabezpiecze\u0144 firewall.<\/p>\n\n<p>&nbsp;<\/p>\n\n<p><strong>9. Cookies<\/strong><\/p>\n\n<p>Szczeg\u00f3\u0142owe informacje na temat plik\u00f3w cookies wykorzystywanych w ramach Witryny znajduj\u0105 si\u0119 w <u><a href=\"\/pl\/polityka-cookies\">Polityka \"Cookies\"<\/a><\/u>.<\/p>\n\n<p>&nbsp;<\/p>     \t\t\t\t<\/div>\n\t\t\t\t<\/div>\n\t\t\t\t<\/div>\n\t\t\t\t<\/div>\n\t\t\t\t<\/div>\n\t\t\t\t\t<\/div>\n\t\t\t\t<\/div>\n\t\t\t\t<\/div>\n\t\t\t\t<\/div>\n\t\t","protected":false},"excerpt":{"rendered":"<p>Polityka prywatno\u015bci Grupa Polpharma Biologics jest zaanga\u017cowana w ochron\u0119 Pa\u0144stwa prywatno\u015bci oraz danych osobowych. Niniejszy dokument zawiera szczeg\u00f3\u0142owe informacje dotycz\u0105ce przetwarzania danych osobowych u\u017cytkownik\u00f3w tej witryny internetowej (dalej jako \u201eWitryna\u201d), os\u00f3b, z kt\u00f3rymi nawi\u0105zujemy kontakt w toku naszej dzia\u0142alno\u015bci oraz os\u00f3b, kt\u00f3re wyrazi\u0142y zgod\u0119 na otrzymywanie tre\u015bci marketingowych. &nbsp; 1. Administrator danych osobowych&nbsp; Wsp\u00f3\u0142administratorami Pa\u0144stwa [&hellip;]<\/p>\n","protected":false},"author":7,"featured_media":0,"parent":0,"menu_order":0,"comment_status":"closed","ping_status":"closed","template":"","meta":{"footnotes":""},"class_list":["post-4079","page","type-page","status-publish","hentry"],"_links":{"self":[{"href":"https:\/\/polpharmabiologics.com\/pl\/wp-json\/wp\/v2\/pages\/4079","targetHints":{"allow":["GET"]}}],"collection":[{"href":"https:\/\/polpharmabiologics.com\/pl\/wp-json\/wp\/v2\/pages"}],"about":[{"href":"https:\/\/polpharmabiologics.com\/pl\/wp-json\/wp\/v2\/types\/page"}],"author":[{"embeddable":true,"href":"https:\/\/polpharmabiologics.com\/pl\/wp-json\/wp\/v2\/users\/7"}],"replies":[{"embeddable":true,"href":"https:\/\/polpharmabiologics.com\/pl\/wp-json\/wp\/v2\/comments?post=4079"}],"version-history":[{"count":0,"href":"https:\/\/polpharmabiologics.com\/pl\/wp-json\/wp\/v2\/pages\/4079\/revisions"}],"wp:attachment":[{"href":"https:\/\/polpharmabiologics.com\/pl\/wp-json\/wp\/v2\/media?parent=4079"}],"curies":[{"name":"wp","href":"https:\/\/api.w.org\/{rel}","templated":true}]}}