{"id":5576,"date":"2025-03-09T09:12:53","date_gmt":"2025-03-09T09:12:53","guid":{"rendered":"https:\/\/polpharmabiologics.com\/?page_id=5576"},"modified":"2025-03-28T15:01:38","modified_gmt":"2025-03-28T15:01:38","slug":"historie-kariery","status":"publish","type":"page","link":"https:\/\/polpharmabiologics.com\/pl\/kariera\/historie-kariery\/","title":{"rendered":"Historie kariery"},"content":{"rendered":"\t\t<div data-elementor-type=\"wp-page\" data-elementor-id=\"5576\" class=\"elementor elementor-5576\" data-elementor-post-type=\"page\">\n\t\t\t\t<div data-particle_enable=\"false\" data-particle-mobile-disabled=\"false\" class=\"elementor-element elementor-element-df86a5e e-con-full e-flex e-con e-parent\" data-id=\"df86a5e\" data-element_type=\"container\" data-e-type=\"container\" data-settings=\"{&quot;ekit_has_onepagescroll_dot&quot;:&quot;yes&quot;}\">\n\t\t<div data-particle_enable=\"false\" data-particle-mobile-disabled=\"false\" class=\"elementor-element elementor-element-723f49e e-con-full e-flex elementor-invisible e-con e-child\" data-id=\"723f49e\" data-element_type=\"container\" data-e-type=\"container\" data-settings=\"{&quot;background_background&quot;:&quot;classic&quot;,&quot;animation&quot;:&quot;fadeInLeft&quot;,&quot;ekit_has_onepagescroll_dot&quot;:&quot;yes&quot;}\">\n\t\t\t\t<div class=\"elementor-element elementor-element-2b5891e elementor-hidden-desktop elementor-hidden-laptop elementor-hidden-tablet elementor-widget elementor-widget-image\" data-id=\"2b5891e\" data-element_type=\"widget\" data-e-type=\"widget\" data-settings=\"{&quot;ekit_we_effect_on&quot;:&quot;none&quot;}\" data-widget_type=\"image.default\">\n\t\t\t\t<div class=\"elementor-widget-container\">\n\t\t\t\t\t\t\t\t\t\t\t\t\t\t\t<img fetchpriority=\"high\" decoding=\"async\" width=\"640\" height=\"768\" src=\"https:\/\/polpharmabiologics.com\/wp-content\/uploads\/2025\/02\/hero-mobile-33.jpg\" class=\"attachment-1536x1536 size-1536x1536 wp-image-567\" alt=\"\" srcset=\"https:\/\/polpharmabiologics.com\/wp-content\/uploads\/2025\/02\/hero-mobile-33.jpg 640w, https:\/\/polpharmabiologics.com\/wp-content\/uploads\/2025\/02\/hero-mobile-33-250x300.jpg 250w\" sizes=\"(max-width: 640px) 100vw, 640px\" \/>\t\t\t\t\t\t\t\t\t\t\t\t\t\t\t<\/div>\n\t\t\t\t<\/div>\n\t\t<div data-particle_enable=\"false\" data-particle-mobile-disabled=\"false\" class=\"elementor-element elementor-element-b7af0bd e-con-full e-flex e-con e-child\" data-id=\"b7af0bd\" data-element_type=\"container\" data-e-type=\"container\" data-settings=\"{&quot;background_background&quot;:&quot;classic&quot;,&quot;ekit_has_onepagescroll_dot&quot;:&quot;yes&quot;}\">\n\t\t\t\t<div class=\"elementor-element elementor-element-67ebe1f elementor-widget elementor-widget-heading\" data-id=\"67ebe1f\" data-element_type=\"widget\" data-e-type=\"widget\" data-settings=\"{&quot;ekit_we_effect_on&quot;:&quot;none&quot;}\" data-widget_type=\"heading.default\">\n\t\t\t\t<div class=\"elementor-widget-container\">\n\t\t\t\t\t<h2 class=\"elementor-heading-title elementor-size-default\"><h1 data-elementor-setting-key=\"title\" data-pen-placeholder=\"Pisz tutaj...\" style=\"font-family: AkkuratLLWeb, sans-serif;font-weight: var( --e-global-typography-primary-font-weight );line-height: 1.10714;font-size: 56px\">Historie kariery<span style=\"color: var( --e-global-color-text );font-family: var( --e-global-typography-dbb4f9a-font-family ), Sans-serif;font-size: var( --e-global-typography-dbb4f9a-font-size );font-weight: var( --e-global-typography-primary-font-weight );background-color: var( --e-global-color-3dae7f0 );text-align: var(--text-align)\"><\/span><\/h1><\/h2>\t\t\t\t<\/div>\n\t\t\t\t<\/div>\n\t\t\t\t<div class=\"elementor-element elementor-element-b977b0d elementor-widget elementor-widget-text-editor\" data-id=\"b977b0d\" data-element_type=\"widget\" data-e-type=\"widget\" data-settings=\"{&quot;ekit_we_effect_on&quot;:&quot;none&quot;}\" data-widget_type=\"text-editor.default\">\n\t\t\t\t<div class=\"elementor-widget-container\">\n\t\t\t\t\t\t\t\t\t<p>Przeczytaj prawdziwe historie naszych pracownik\u00f3w<\/p>\t\t\t\t\t\t\t\t<\/div>\n\t\t\t\t<\/div>\n\t\t\t\t<div class=\"elementor-element elementor-element-d9db5e0 elementor-widget elementor-widget-text-editor\" data-id=\"d9db5e0\" data-element_type=\"widget\" data-e-type=\"widget\" data-settings=\"{&quot;ekit_we_effect_on&quot;:&quot;none&quot;}\" data-widget_type=\"text-editor.default\">\n\t\t\t\t<div class=\"elementor-widget-container\">\n\t\t\t\t\t\t\t\t\t<p>Zr\u00f3\u017cnicowanie naszych zespo\u0142\u00f3w pod wzgl\u0119dem obszar\u00f3w kompetencji oraz do\u015bwiadcze\u0144 zdobytych w r\u00f3\u017cnym \u015brodowisku pozwala nam tworzy\u0107 innowacyjne rozwi\u0105zania dla poszczeg\u00f3lnych wyzwa\u0144. Zach\u0119camy do zapoznania si\u0119 z prac\u0105 naszych koleg\u00f3w, od kt\u00f3rej tak wiele zale\u017cy w Polpharma Biologics.<\/p>\t\t\t\t\t\t\t\t<\/div>\n\t\t\t\t<\/div>\n\t\t\t\t<\/div>\n\t\t\t\t<\/div>\n\t\t\t\t<\/div>\n\t\t<div data-particle_enable=\"false\" data-particle-mobile-disabled=\"false\" class=\"elementor-element elementor-element-1ff64af e-flex e-con-boxed e-con e-parent\" data-id=\"1ff64af\" data-element_type=\"container\" data-e-type=\"container\" data-settings=\"{&quot;ekit_has_onepagescroll_dot&quot;:&quot;yes&quot;}\">\n\t\t\t\t\t<div class=\"e-con-inner\">\n\t\t<div data-particle_enable=\"false\" data-particle-mobile-disabled=\"false\" class=\"elementor-element elementor-element-e3ec0c0 e-con-full e-flex e-con e-child\" data-id=\"e3ec0c0\" data-element_type=\"container\" data-e-type=\"container\" data-settings=\"{&quot;ekit_has_onepagescroll_dot&quot;:&quot;yes&quot;}\">\n\t\t<div data-particle_enable=\"false\" data-particle-mobile-disabled=\"false\" class=\"elementor-element elementor-element-e44a9a7 e-con-full e-flex e-con e-child\" data-id=\"e44a9a7\" data-element_type=\"container\" data-e-type=\"container\" data-settings=\"{&quot;ekit_has_onepagescroll_dot&quot;:&quot;yes&quot;}\">\n\t\t\t\t<div class=\"elementor-element elementor-element-9b16f67 elementor-widget elementor-widget-image\" data-id=\"9b16f67\" data-element_type=\"widget\" data-e-type=\"widget\" data-settings=\"{&quot;ekit_we_effect_on&quot;:&quot;none&quot;}\" data-widget_type=\"image.default\">\n\t\t\t\t<div class=\"elementor-widget-container\">\n\t\t\t\t\t\t\t\t\t\t\t\t\t\t\t<img decoding=\"async\" width=\"470\" height=\"453\" src=\"https:\/\/polpharmabiologics.com\/wp-content\/uploads\/2025\/02\/person1_name.jpg\" class=\"attachment-large size-large wp-image-528\" alt=\"\" srcset=\"https:\/\/polpharmabiologics.com\/wp-content\/uploads\/2025\/02\/person1_name.jpg 470w, https:\/\/polpharmabiologics.com\/wp-content\/uploads\/2025\/02\/person1_name-300x289.jpg 300w\" sizes=\"(max-width: 470px) 100vw, 470px\" \/>\t\t\t\t\t\t\t\t\t\t\t\t\t\t\t<\/div>\n\t\t\t\t<\/div>\n\t\t\t\t<\/div>\n\t\t<div data-particle_enable=\"false\" data-particle-mobile-disabled=\"false\" class=\"elementor-element elementor-element-f902625 e-con-full e-flex e-con e-child\" data-id=\"f902625\" data-element_type=\"container\" data-e-type=\"container\" data-settings=\"{&quot;background_background&quot;:&quot;classic&quot;,&quot;ekit_has_onepagescroll_dot&quot;:&quot;yes&quot;}\">\n\t\t\t\t<div class=\"elementor-element elementor-element-76d383c elementor-widget elementor-widget-heading\" data-id=\"76d383c\" data-element_type=\"widget\" data-e-type=\"widget\" data-settings=\"{&quot;ekit_we_effect_on&quot;:&quot;none&quot;}\" data-widget_type=\"heading.default\">\n\t\t\t\t<div class=\"elementor-widget-container\">\n\t\t\t\t\t<h2 class=\"elementor-heading-title elementor-size-default\">Edyta Smoli\u0144ska<\/h2>\t\t\t\t<\/div>\n\t\t\t\t<\/div>\n\t\t\t\t<div class=\"elementor-element elementor-element-1b569d7 elementor-widget elementor-widget-text-editor\" data-id=\"1b569d7\" data-element_type=\"widget\" data-e-type=\"widget\" data-settings=\"{&quot;ekit_we_effect_on&quot;:&quot;none&quot;}\" data-widget_type=\"text-editor.default\">\n\t\t\t\t<div class=\"elementor-widget-container\">\n\t\t\t\t\t\t\t\t\t<p>Lider Projekt\u00f3w Analitycznych<\/p>\t\t\t\t\t\t\t\t<\/div>\n\t\t\t\t<\/div>\n\t\t\t\t<\/div>\n\t\t\t\t<\/div>\n\t\t\t\t\t<\/div>\n\t\t\t\t<\/div>\n\t\t<div data-particle_enable=\"false\" data-particle-mobile-disabled=\"false\" class=\"elementor-element elementor-element-c4ae77f e-flex e-con-boxed e-con e-parent\" data-id=\"c4ae77f\" data-element_type=\"container\" data-e-type=\"container\" data-settings=\"{&quot;ekit_has_onepagescroll_dot&quot;:&quot;yes&quot;}\">\n\t\t\t\t\t<div class=\"e-con-inner\">\n\t\t\t\t<div class=\"elementor-element elementor-element-5c05d60 elementor-widget elementor-widget-text-editor\" data-id=\"5c05d60\" data-element_type=\"widget\" data-e-type=\"widget\" data-settings=\"{&quot;ekit_we_effect_on&quot;:&quot;none&quot;}\" data-widget_type=\"text-editor.default\">\n\t\t\t\t<div class=\"elementor-widget-container\">\n\t\t\t\t\t\t\t\t\t<p>Jestem kierownikiem projekt\u00f3w analitycznych w sekcji rozwoju analitycznego dzia\u0142u bada\u0144 i rozwoju technicznego Polpharma Biologics. Do moich obowi\u0105zk\u00f3w nale\u017cy wspieranie dzia\u0142u rozwoju analitycznego we wszystkich kwestiach zwi\u0105zanych z projektem. Wspieram tak\u017ce inne zespo\u0142y w zakresie wsp\u00f3\u0142pracy z analitykami.<br \/><br \/>Dzia\u0142 rozwoju analitycznego dostarcza rzetelnych wynik\u00f3w bada\u0144 na wszystkich etapach rozwoju procesu. Dane z naszych zespo\u0142\u00f3w s\u0142u\u017c\u0105 potwierdzeniu jako\u015bci i bezpiecze\u0144stwa procesu wytwarzania naszych lek\u00f3w. Dzi\u0119ki temu pacjenci mog\u0105 by\u0107 pewni, \u017ce opracowany proces reprezentuje najwy\u017cszy poziom.<br \/><br \/>Lubi\u0119 pracowa\u0107 dla Polpharmy Biologics przede wszystkim dlatego, \u017ce otaczaj\u0105 mnie tu fantastyczni ludzie. Atmosfera w pracy jest naprawd\u0119 \u015bwietna. Ludzie s\u0105 duchem tej firmy. Lubi\u0119 t\u0119 prac\u0119 tak\u017ce dlatego, \u017ce jest bardzo interesuj\u0105ca, chocia\u017c nie brakuje w nie wyzwa\u0144.<br \/><br \/>Prac\u0119 w Polpharmie Biologics podj\u0119\u0142am jako technik laboratoryjny. W ci\u0105gu 5 lat awansowa\u0142am na szefa projekt\u00f3w analitycznych. Dzi\u0119ki \u015brodowisku sprzyjaj\u0105cemu rozwojowi zawodowemu oraz rosn\u0105cemu zakresowi obowi\u0105zk\u00f3w zdoby\u0142am cenne do\u015bwiadczenie i wiedz\u0119. Otrzymane szanse na rozw\u00f3j zawdzi\u0119czam prze\u0142o\u017conemu, kt\u00f3ry dba i troszczy si\u0119 o pracownik\u00f3w. Odwa\u017cy\u0142am si\u0119 je wykorzysta\u0107 dzi\u0119ki wsparciu szefa i wsp\u00f3\u0142pracownik\u00f3w.<\/p>\t\t\t\t\t\t\t\t<\/div>\n\t\t\t\t<\/div>\n\t\t\t\t<div class=\"elementor-element elementor-element-abd2776 elementor-align-center elementor-widget elementor-widget-elementskit-button\" data-id=\"abd2776\" data-element_type=\"widget\" data-e-type=\"widget\" data-settings=\"{&quot;ekit_we_effect_on&quot;:&quot;none&quot;}\" data-widget_type=\"elementskit-button.default\">\n\t\t\t\t<div class=\"elementor-widget-container\">\n\t\t\t\t\t<div class=\"ekit-wid-con\" >\t\t<div class=\"ekit-btn-wraper\">\n\t\t\t\t\t\t\t<a href=\"https:\/\/polpharmabiologics.com\/kariera\/oferty-pracy\" class=\"elementskit-btn  whitespace--normal\" id=\"\">\n\t\t\t\t\tZobacz oferty pracy\t\t\t\t<\/a>\n\t\t\t\t\t<\/div>\n        <\/div>\t\t\t\t<\/div>\n\t\t\t\t<\/div>\n\t\t\t\t\t<\/div>\n\t\t\t\t<\/div>\n\t\t\t\t<\/div>\n\t\t","protected":false},"excerpt":{"rendered":"<p>Historie kariery Przeczytaj prawdziwe historie naszych pracownik\u00f3w Zr\u00f3\u017cnicowanie naszych zespo\u0142\u00f3w pod wzgl\u0119dem obszar\u00f3w kompetencji oraz do\u015bwiadcze\u0144 zdobytych w r\u00f3\u017cnym \u015brodowisku pozwala nam tworzy\u0107 innowacyjne rozwi\u0105zania dla poszczeg\u00f3lnych wyzwa\u0144. Zach\u0119camy do zapoznania si\u0119 z prac\u0105 naszych koleg\u00f3w, od kt\u00f3rej tak wiele zale\u017cy w Polpharma Biologics. Edyta Smoli\u0144ska Lider Projekt\u00f3w Analitycznych Jestem kierownikiem projekt\u00f3w analitycznych w sekcji [&hellip;]<\/p>\n","protected":false},"author":7,"featured_media":0,"parent":5099,"menu_order":0,"comment_status":"closed","ping_status":"closed","template":"","meta":{"footnotes":""},"class_list":["post-5576","page","type-page","status-publish","hentry"],"_links":{"self":[{"href":"https:\/\/polpharmabiologics.com\/pl\/wp-json\/wp\/v2\/pages\/5576","targetHints":{"allow":["GET"]}}],"collection":[{"href":"https:\/\/polpharmabiologics.com\/pl\/wp-json\/wp\/v2\/pages"}],"about":[{"href":"https:\/\/polpharmabiologics.com\/pl\/wp-json\/wp\/v2\/types\/page"}],"author":[{"embeddable":true,"href":"https:\/\/polpharmabiologics.com\/pl\/wp-json\/wp\/v2\/users\/7"}],"replies":[{"embeddable":true,"href":"https:\/\/polpharmabiologics.com\/pl\/wp-json\/wp\/v2\/comments?post=5576"}],"version-history":[{"count":0,"href":"https:\/\/polpharmabiologics.com\/pl\/wp-json\/wp\/v2\/pages\/5576\/revisions"}],"up":[{"embeddable":true,"href":"https:\/\/polpharmabiologics.com\/pl\/wp-json\/wp\/v2\/pages\/5099"}],"wp:attachment":[{"href":"https:\/\/polpharmabiologics.com\/pl\/wp-json\/wp\/v2\/media?parent=5576"}],"curies":[{"name":"wp","href":"https:\/\/api.w.org\/{rel}","templated":true}]}}