{"id":6837,"date":"2025-03-13T18:11:04","date_gmt":"2025-03-13T18:11:04","guid":{"rendered":"https:\/\/polpharmabiologics.com\/?page_id=6837"},"modified":"2025-03-25T19:57:12","modified_gmt":"2025-03-25T19:57:12","slug":"biopodobne-linie-komorkowe","status":"publish","type":"page","link":"https:\/\/polpharmabiologics.com\/pl\/oferta-i-portfolio\/biopodobne-linie-komorkowe\/","title":{"rendered":"Biopodobne linie kom\u00f3rkowe"},"content":{"rendered":"\t\t<div data-elementor-type=\"wp-page\" data-elementor-id=\"6837\" class=\"elementor elementor-6837\" data-elementor-post-type=\"page\">\n\t\t\t\t<div data-particle_enable=\"false\" data-particle-mobile-disabled=\"false\" class=\"elementor-element elementor-element-e593639 e-con-full e-flex e-con e-parent\" data-id=\"e593639\" data-element_type=\"container\" data-e-type=\"container\" data-settings=\"{&quot;ekit_has_onepagescroll_dot&quot;:&quot;yes&quot;}\">\n\t\t\t\t<div class=\"elementor-element elementor-element-419148f elementor-hidden-desktop elementor-hidden-laptop elementor-hidden-tablet elementor-widget elementor-widget-image\" data-id=\"419148f\" data-element_type=\"widget\" data-e-type=\"widget\" data-settings=\"{&quot;ekit_we_effect_on&quot;:&quot;none&quot;}\" data-widget_type=\"image.default\">\n\t\t\t\t<div class=\"elementor-widget-container\">\n\t\t\t\t\t\t\t\t\t\t\t\t\t\t\t<img fetchpriority=\"high\" decoding=\"async\" width=\"640\" height=\"648\" src=\"https:\/\/polpharmabiologics.com\/wp-content\/uploads\/2025\/02\/hero-mobile-5.jpg\" class=\"attachment-large size-large wp-image-266\" alt=\"\" srcset=\"https:\/\/polpharmabiologics.com\/wp-content\/uploads\/2025\/02\/hero-mobile-5.jpg 640w, https:\/\/polpharmabiologics.com\/wp-content\/uploads\/2025\/02\/hero-mobile-5-296x300.jpg 296w\" sizes=\"(max-width: 640px) 100vw, 640px\" \/>\t\t\t\t\t\t\t\t\t\t\t\t\t\t\t<\/div>\n\t\t\t\t<\/div>\n\t\t\t\t<\/div>\n\t\t<div data-particle_enable=\"false\" data-particle-mobile-disabled=\"false\" class=\"elementor-element elementor-element-b3b1d12 e-flex e-con-boxed e-con e-parent\" data-id=\"b3b1d12\" data-element_type=\"container\" data-e-type=\"container\" data-settings=\"{&quot;background_background&quot;:&quot;classic&quot;,&quot;ekit_has_onepagescroll_dot&quot;:&quot;yes&quot;}\">\n\t\t\t\t\t<div class=\"e-con-inner\">\n\t\t<div data-particle_enable=\"false\" data-particle-mobile-disabled=\"false\" class=\"elementor-element elementor-element-72ba714 e-con-full e-flex e-con e-child\" data-id=\"72ba714\" data-element_type=\"container\" data-e-type=\"container\" data-settings=\"{&quot;ekit_has_onepagescroll_dot&quot;:&quot;yes&quot;}\">\n\t\t<div data-particle_enable=\"false\" data-particle-mobile-disabled=\"false\" class=\"elementor-element elementor-element-0537318 e-con-full e-flex e-con e-child\" data-id=\"0537318\" data-element_type=\"container\" data-e-type=\"container\" data-settings=\"{&quot;ekit_has_onepagescroll_dot&quot;:&quot;yes&quot;}\">\n\t\t<div data-particle_enable=\"false\" data-particle-mobile-disabled=\"false\" class=\"elementor-element elementor-element-ec832d3 e-con-full e-flex e-con e-child\" data-id=\"ec832d3\" data-element_type=\"container\" data-e-type=\"container\" data-settings=\"{&quot;ekit_has_onepagescroll_dot&quot;:&quot;yes&quot;}\">\n\t\t<div data-particle_enable=\"false\" data-particle-mobile-disabled=\"false\" class=\"elementor-element elementor-element-5fdb3d6 e-con-full e-flex e-con e-child\" data-id=\"5fdb3d6\" data-element_type=\"container\" data-e-type=\"container\" data-settings=\"{&quot;ekit_has_onepagescroll_dot&quot;:&quot;yes&quot;}\">\n\t\t\t\t<div class=\"elementor-element elementor-element-31fed50 elementor-widget elementor-widget-heading\" data-id=\"31fed50\" data-element_type=\"widget\" data-e-type=\"widget\" data-settings=\"{&quot;ekit_we_effect_on&quot;:&quot;none&quot;}\" data-widget_type=\"heading.default\">\n\t\t\t\t<div class=\"elementor-widget-container\">\n\t\t\t\t\t<h1 class=\"elementor-heading-title elementor-size-default\">Biopodobne linie kom\u00f3rkowe<\/h1>\t\t\t\t<\/div>\n\t\t\t\t<\/div>\n\t\t\t\t<div class=\"elementor-element elementor-element-8e7a51c elementor-widget elementor-widget-text-editor\" data-id=\"8e7a51c\" data-element_type=\"widget\" data-e-type=\"widget\" data-settings=\"{&quot;ekit_we_effect_on&quot;:&quot;none&quot;}\" data-widget_type=\"text-editor.default\">\n\t\t\t\t<div class=\"elementor-widget-container\">\n\t\t\t\t\t\t\t\t\t<p>Posiadamy linie kom\u00f3rkowe o wysokiej ekspresji, gotowe do wytwarzania bia\u0142ek biopodobnych i rozwoju procesu.<\/p>\t\t\t\t\t\t\t\t<\/div>\n\t\t\t\t<\/div>\n\t\t\t\t<div class=\"elementor-element elementor-element-985b0a4 elementor-widget elementor-widget-text-editor\" data-id=\"985b0a4\" data-element_type=\"widget\" data-e-type=\"widget\" data-settings=\"{&quot;ekit_we_effect_on&quot;:&quot;none&quot;}\" data-widget_type=\"text-editor.default\">\n\t\t\t\t<div class=\"elementor-widget-container\">\n\t\t\t\t\t\t\t\t\t<p>Polpharma Biologics opracowa\u0142a portfolio wysoko produktywnych linii kom\u00f3rkowych z ekspresj\u0105 biopodobnych moleku\u0142, takich jak bia\u0142ka fuzyjne, enzymy i przeciwcia\u0142a monoklonalne, kt\u00f3re s\u0105 dost\u0119pne dla klient\u00f3w na zasadzie udzielania licencji.<\/p>\t\t\t\t\t\t\t\t<\/div>\n\t\t\t\t<\/div>\n\t\t\t\t<\/div>\n\t\t\t\t<div class=\"elementor-element elementor-element-37c0804 elementor-widget-mobile__width-inherit elementor-align-center elementor-widget elementor-widget-elementskit-button\" data-id=\"37c0804\" data-element_type=\"widget\" data-e-type=\"widget\" data-settings=\"{&quot;ekit_we_effect_on&quot;:&quot;none&quot;}\" data-widget_type=\"elementskit-button.default\">\n\t\t\t\t<div class=\"elementor-widget-container\">\n\t\t\t\t\t<div class=\"ekit-wid-con\" >\t\t<div class=\"ekit-btn-wraper\">\n\t\t\t\t\t\t\t<a href=\"\/kontakt#form\" class=\"elementskit-btn  whitespace--normal\" id=\"\">\n\t\t\t\t\tSkontaktuj si\u0119\t\t\t\t<\/a>\n\t\t\t\t\t<\/div>\n        <\/div>\t\t\t\t<\/div>\n\t\t\t\t<\/div>\n\t\t\t\t<\/div>\n\t\t<div data-particle_enable=\"false\" data-particle-mobile-disabled=\"false\" class=\"elementor-element elementor-element-092fbf4 e-con-full elementor-hidden-mobile e-flex e-con e-child\" data-id=\"092fbf4\" data-element_type=\"container\" data-e-type=\"container\" data-settings=\"{&quot;ekit_has_onepagescroll_dot&quot;:&quot;yes&quot;}\">\n\t\t\t\t<div class=\"elementor-element elementor-element-a42cfb3 elementor-widget elementor-widget-image\" data-id=\"a42cfb3\" data-element_type=\"widget\" data-e-type=\"widget\" data-settings=\"{&quot;ekit_we_effect_on&quot;:&quot;none&quot;}\" data-widget_type=\"image.default\">\n\t\t\t\t<div class=\"elementor-widget-container\">\n\t\t\t\t\t\t\t\t\t\t\t\t\t\t\t<img decoding=\"async\" width=\"444\" height=\"400\" src=\"https:\/\/polpharmabiologics.com\/wp-content\/uploads\/2025\/02\/hero-5.jpg\" class=\"attachment-large size-large wp-image-267\" alt=\"\" srcset=\"https:\/\/polpharmabiologics.com\/wp-content\/uploads\/2025\/02\/hero-5.jpg 444w, https:\/\/polpharmabiologics.com\/wp-content\/uploads\/2025\/02\/hero-5-300x270.jpg 300w\" sizes=\"(max-width: 444px) 100vw, 444px\" \/>\t\t\t\t\t\t\t\t\t\t\t\t\t\t\t<\/div>\n\t\t\t\t<\/div>\n\t\t\t\t<\/div>\n\t\t\t\t<\/div>\n\t\t\t\t<\/div>\n\t\t\t\t\t<\/div>\n\t\t\t\t<\/div>\n\t\t<div data-particle_enable=\"false\" data-particle-mobile-disabled=\"false\" class=\"elementor-element elementor-element-d0f7c9d e-flex e-con-boxed e-con e-parent\" data-id=\"d0f7c9d\" data-element_type=\"container\" data-e-type=\"container\" data-settings=\"{&quot;ekit_has_onepagescroll_dot&quot;:&quot;yes&quot;}\">\n\t\t\t\t\t<div class=\"e-con-inner\">\n\t\t<div data-particle_enable=\"false\" data-particle-mobile-disabled=\"false\" class=\"elementor-element elementor-element-de09132 e-con-full e-flex e-con e-child\" data-id=\"de09132\" data-element_type=\"container\" data-e-type=\"container\" data-settings=\"{&quot;ekit_has_onepagescroll_dot&quot;:&quot;yes&quot;}\">\n\t\t<div data-particle_enable=\"false\" data-particle-mobile-disabled=\"false\" class=\"elementor-element elementor-element-4143429 e-con-full e-flex e-con e-child\" data-id=\"4143429\" data-element_type=\"container\" data-e-type=\"container\" data-settings=\"{&quot;ekit_has_onepagescroll_dot&quot;:&quot;yes&quot;}\">\n\t\t\t\t<div class=\"elementor-element elementor-element-b75ed65 elementor-widget elementor-widget-heading\" data-id=\"b75ed65\" data-element_type=\"widget\" data-e-type=\"widget\" data-settings=\"{&quot;ekit_we_effect_on&quot;:&quot;none&quot;}\" data-widget_type=\"heading.default\">\n\t\t\t\t<div class=\"elementor-widget-container\">\n\t\t\t\t\t<h2 class=\"elementor-heading-title elementor-size-default\">Dost\u0119pne linie kom\u00f3rkowe<\/h2>\t\t\t\t<\/div>\n\t\t\t\t<\/div>\n\t\t\t\t<\/div>\n\t\t<div data-particle_enable=\"false\" data-particle-mobile-disabled=\"false\" class=\"elementor-element elementor-element-555a194 e-con-full e-flex e-con e-child\" data-id=\"555a194\" data-element_type=\"container\" data-e-type=\"container\" data-settings=\"{&quot;ekit_has_onepagescroll_dot&quot;:&quot;yes&quot;}\">\n\t\t<div data-particle_enable=\"false\" data-particle-mobile-disabled=\"false\" class=\"elementor-element elementor-element-39f5c3b e-con-full e-flex e-con e-child\" data-id=\"39f5c3b\" data-element_type=\"container\" data-e-type=\"container\" data-settings=\"{&quot;ekit_has_onepagescroll_dot&quot;:&quot;yes&quot;}\">\n\t\t\t\t<div class=\"elementor-element elementor-element-913cb5f elementor-widget elementor-widget-text-editor\" data-id=\"913cb5f\" data-element_type=\"widget\" data-e-type=\"widget\" data-settings=\"{&quot;ekit_we_effect_on&quot;:&quot;none&quot;}\" data-widget_type=\"text-editor.default\">\n\t\t\t\t<div class=\"elementor-widget-container\">\n\t\t\t\t\t\t\t\t\t<p class=\"t-title -smaller\">Gotowe do GMP, stabilne, wysokowydajne linie kom\u00f3rkowe<\/p>\t\t\t\t\t\t\t\t<\/div>\n\t\t\t\t<\/div>\n\t\t\t\t<div class=\"elementor-element elementor-element-39b5708 opacity elementor-widget elementor-widget-text-editor\" data-id=\"39b5708\" data-element_type=\"widget\" data-e-type=\"widget\" data-settings=\"{&quot;ekit_we_effect_on&quot;:&quot;none&quot;}\" data-widget_type=\"text-editor.default\">\n\t\t\t\t<div class=\"elementor-widget-container\">\n\t\t\t\t\t\t\t\t\t<p>Przygotowywane przez Polpharma Biologics biopodobne linie kom\u00f3rkowe s\u0105 wytwarzane na zastrze\u017conej platformie CHOBC\u00ae opartej na linii CHO do kt\u00f3rej wykorzystujemy pod\u0142o\u017ca hodowlane pozbawione sk\u0142adnik\u00f3w pochodzenia zwierz\u0119cego.<\/p>\t\t\t\t\t\t\t\t<\/div>\n\t\t\t\t<\/div>\n\t\t\t\t<\/div>\n\t\t\t\t<\/div>\n\t\t<div data-particle_enable=\"false\" data-particle-mobile-disabled=\"false\" class=\"elementor-element elementor-element-00fcd35 e-con-full e-flex e-con e-child\" data-id=\"00fcd35\" data-element_type=\"container\" data-e-type=\"container\" data-settings=\"{&quot;ekit_has_onepagescroll_dot&quot;:&quot;yes&quot;}\">\n\t\t<div data-particle_enable=\"false\" data-particle-mobile-disabled=\"false\" class=\"elementor-element elementor-element-ea048ef e-con-full e-flex e-con e-child\" data-id=\"ea048ef\" data-element_type=\"container\" data-e-type=\"container\" data-settings=\"{&quot;ekit_has_onepagescroll_dot&quot;:&quot;yes&quot;}\">\n\t\t\t\t<div class=\"elementor-element elementor-element-ab8b908 opacity elementor-widget elementor-widget-text-editor\" data-id=\"ab8b908\" data-element_type=\"widget\" data-e-type=\"widget\" data-settings=\"{&quot;ekit_we_effect_on&quot;:&quot;none&quot;}\" data-widget_type=\"text-editor.default\">\n\t\t\t\t<div class=\"elementor-widget-container\">\n\t\t\t\t\t\t\t\t\t<div class=\"row c-teaserSec2_row -teasers js-lazy -animated\"><div class=\"col-md-6 col-lg-5 c-teaserSec2_col -teaser js-lazy -animated\"><div class=\"c-teaser\"><p class=\"t-text\">Nasze linie kom\u00f3rkowe spe\u0142niaj\u0105 wymogi GMP, s\u0105 stabilne, wysoko produktywne, posiadaj\u0105 pe\u0142n\u0105 dokumentacj\u0119 oraz okre\u015blon\u0105 charakterystyk\u0119 czynno\u015bciow\u0105. Ca\u0142a zatwierdzona dokumentacja QA jest dost\u0119pna za po\u015brednictwem wirtualnego pokoju danych (VDR ang. virtual data room).<\/p><\/div><\/div><\/div><div class=\"row c-teaserSec2_row -table\"><div class=\"col c-teaserSec2_col\">\u00a0<\/div><\/div>\t\t\t\t\t\t\t\t<\/div>\n\t\t\t\t<\/div>\n\t\t\t\t<\/div>\n\t\t\t\t<\/div>\n\t\t\t\t<\/div>\n\t\t<div data-particle_enable=\"false\" data-particle-mobile-disabled=\"false\" class=\"elementor-element elementor-element-6865f25 e-con-full e-flex e-con e-child\" data-id=\"6865f25\" data-element_type=\"container\" data-e-type=\"container\" data-settings=\"{&quot;ekit_has_onepagescroll_dot&quot;:&quot;yes&quot;}\">\n\t\t\t\t<div class=\"elementor-element elementor-element-38e9bda elementor-widget__width-inherit elementor-widget elementor-widget-html\" data-id=\"38e9bda\" data-element_type=\"widget\" data-e-type=\"widget\" data-settings=\"{&quot;ekit_we_effect_on&quot;:&quot;none&quot;}\" data-widget_type=\"html.default\">\n\t\t\t\t<div class=\"elementor-widget-container\">\n\t\t\t\t\t<table class=\"c-table\" id=\"table\" border=\"0\" cellspacing=\"0\">\n                        <tbody><tr class=\"-visible\">\n                            <th class=\"t-text -small\">Biopodobne do<\/th>\n                            <th class=\"t-text -small\">Przeciwcia\u0142a<\/th>\n                        <\/tr>\n                                                    <tr class=\"-visible\">\n                                <td class=\"t-text -small\">Herceptin\u00ae<\/td>\n                                <td class=\"t-text -small\">Trastuzumab<\/td>\n                            <\/tr>\n                                                    <tr class=\"-visible\">\n                                <td class=\"t-text -small\">Humira\u00ae<\/td>\n                                <td class=\"t-text -small\">Adalimumab<\/td>\n                            <\/tr>\n                                                    <tr class=\"-visible\">\n                                <td class=\"t-text -small\">Erbitux\u00ae<\/td>\n                                <td class=\"t-text -small\">Cetuximab<\/td>\n                            <\/tr>\n                                                    <tr class=\"-visible\">\n                                <td class=\"t-text -small\">Avastin\u00ae<\/td>\n                                <td class=\"t-text -small\">Bevacizumab<\/td>\n                            <\/tr>\n                                                    <tr class=\"-visible\">\n                                <td class=\"t-text -small\">Rituxan\/MabThera\u00ae<\/td>\n                                <td class=\"t-text -small\">Rituximab<\/td>\n                            <\/tr>\n                                                    <tr class=\"-visible\">\n                                <td class=\"t-text -small\">Enbrel\u00ae<\/td>\n                                <td class=\"t-text -small\">Etanercept<\/td>\n                            <\/tr>\n                                                    <tr class=\"-visible\">\n                                <td class=\"t-text -small\">Synagis\u00ae<\/td>\n                                <td class=\"t-text -small\">Palivizumab<\/td>\n                            <\/tr>\n                                                    <tr class=\"-visible\">\n                                <td class=\"t-text -small\">Xolair\u00ae<\/td>\n                                <td class=\"t-text -small\">Omalizumab<\/td>\n                            <\/tr>\n                                                    <tr class=\"-visible\">\n                                <td class=\"t-text -small\">Yervoy\u00ae<\/td>\n                                <td class=\"t-text -small\">Ipilimumab<\/td>\n                            <\/tr>\n                                                    <tr class=\"-visible\">\n                                <td class=\"t-text -small\">Perjeta\u00ae<\/td>\n                                <td class=\"t-text -small\">Pertuzumab<\/td>\n                            <\/tr>\n                                                    <tr class=\"-visible\">\n                                <td class=\"t-text -small\">Opdivo\u00ae<\/td>\n                                <td class=\"t-text -small\">Nivolumab\n<\/td>\n                            <\/tr>\n                                                    <tr class=\"-visible\">\n                                <td class=\"t-text -small\">Keytruda\u00ae<\/td>\n                                <td class=\"t-text -small\">Pembrolizumab<\/td>\n                            <\/tr>\n                                            <\/tbody><\/table>\t\t\t\t<\/div>\n\t\t\t\t<\/div>\n\t\t\t\t<\/div>\n\t\t\t\t\t<\/div>\n\t\t\t\t<\/div>\n\t\t<div data-particle_enable=\"false\" data-particle-mobile-disabled=\"false\" class=\"elementor-element elementor-element-538f7fd e-con-full elementor-hidden-desktop elementor-hidden-laptop elementor-hidden-tablet e-flex e-con e-parent\" data-id=\"538f7fd\" data-element_type=\"container\" data-e-type=\"container\" data-settings=\"{&quot;ekit_has_onepagescroll_dot&quot;:&quot;yes&quot;}\">\n\t\t\t\t<div class=\"elementor-element elementor-element-fca7023 elementor-widget elementor-widget-image\" data-id=\"fca7023\" data-element_type=\"widget\" data-e-type=\"widget\" data-settings=\"{&quot;ekit_we_effect_on&quot;:&quot;none&quot;}\" data-widget_type=\"image.default\">\n\t\t\t\t<div class=\"elementor-widget-container\">\n\t\t\t\t\t\t\t\t\t\t\t\t\t\t\t<img decoding=\"async\" width=\"640\" height=\"568\" src=\"https:\/\/polpharmabiologics.com\/wp-content\/uploads\/2025\/02\/article-mobile.jpg\" class=\"attachment-large size-large wp-image-264\" alt=\"\" srcset=\"https:\/\/polpharmabiologics.com\/wp-content\/uploads\/2025\/02\/article-mobile.jpg 640w, https:\/\/polpharmabiologics.com\/wp-content\/uploads\/2025\/02\/article-mobile-300x266.jpg 300w\" sizes=\"(max-width: 640px) 100vw, 640px\" \/>\t\t\t\t\t\t\t\t\t\t\t\t\t\t\t<\/div>\n\t\t\t\t<\/div>\n\t\t\t\t<\/div>\n\t\t<div data-particle_enable=\"false\" data-particle-mobile-disabled=\"false\" class=\"elementor-element elementor-element-ce73fb9 e-flex e-con-boxed e-con e-parent\" data-id=\"ce73fb9\" data-element_type=\"container\" data-e-type=\"container\" data-settings=\"{&quot;ekit_has_onepagescroll_dot&quot;:&quot;yes&quot;}\">\n\t\t\t\t\t<div class=\"e-con-inner\">\n\t\t<div data-particle_enable=\"false\" data-particle-mobile-disabled=\"false\" class=\"elementor-element elementor-element-fd6c2f9 e-con-full e-flex e-con e-child\" data-id=\"fd6c2f9\" data-element_type=\"container\" data-e-type=\"container\" data-settings=\"{&quot;ekit_has_onepagescroll_dot&quot;:&quot;yes&quot;}\">\n\t\t<div data-particle_enable=\"false\" data-particle-mobile-disabled=\"false\" class=\"elementor-element elementor-element-1445104 e-con-full elementor-hidden-mobile e-flex e-con e-child\" data-id=\"1445104\" data-element_type=\"container\" data-e-type=\"container\" data-settings=\"{&quot;ekit_has_onepagescroll_dot&quot;:&quot;yes&quot;}\">\n\t\t\t\t<div class=\"elementor-element elementor-element-439f7b5 elementor-widget elementor-widget-image\" data-id=\"439f7b5\" data-element_type=\"widget\" data-e-type=\"widget\" data-settings=\"{&quot;ekit_we_effect_on&quot;:&quot;none&quot;}\" data-widget_type=\"image.default\">\n\t\t\t\t<div class=\"elementor-widget-container\">\n\t\t\t\t\t\t\t\t\t\t\t\t\t\t\t<img loading=\"lazy\" decoding=\"async\" width=\"444\" height=\"400\" src=\"https:\/\/polpharmabiologics.com\/wp-content\/uploads\/2025\/02\/article.jpg\" class=\"attachment-large size-large wp-image-265\" alt=\"\" srcset=\"https:\/\/polpharmabiologics.com\/wp-content\/uploads\/2025\/02\/article.jpg 444w, https:\/\/polpharmabiologics.com\/wp-content\/uploads\/2025\/02\/article-300x270.jpg 300w\" sizes=\"(max-width: 444px) 100vw, 444px\" \/>\t\t\t\t\t\t\t\t\t\t\t\t\t\t\t<\/div>\n\t\t\t\t<\/div>\n\t\t\t\t<\/div>\n\t\t<div data-particle_enable=\"false\" data-particle-mobile-disabled=\"false\" class=\"elementor-element elementor-element-a552fbe e-con-full e-flex e-con e-child\" data-id=\"a552fbe\" data-element_type=\"container\" data-e-type=\"container\" data-settings=\"{&quot;ekit_has_onepagescroll_dot&quot;:&quot;yes&quot;}\">\n\t\t<div data-particle_enable=\"false\" data-particle-mobile-disabled=\"false\" class=\"elementor-element elementor-element-d529186 e-con-full e-flex e-con e-child\" data-id=\"d529186\" data-element_type=\"container\" data-e-type=\"container\" data-settings=\"{&quot;ekit_has_onepagescroll_dot&quot;:&quot;yes&quot;}\">\n\t\t\t\t<div class=\"elementor-element elementor-element-3157ca8 fade-up elementor-widget__width-inherit elementor-widget elementor-widget-heading\" data-id=\"3157ca8\" data-element_type=\"widget\" data-e-type=\"widget\" data-settings=\"{&quot;ekit_we_effect_on&quot;:&quot;none&quot;}\" data-widget_type=\"heading.default\">\n\t\t\t\t<div class=\"elementor-widget-container\">\n\t\t\t\t\t<h2 class=\"elementor-heading-title elementor-size-default\">Licencje produktowe i partnerstwa<\/h2>\t\t\t\t<\/div>\n\t\t\t\t<\/div>\n\t\t\t\t<div class=\"elementor-element elementor-element-bd83d6b elementor-widget__width-inherit elementor-widget elementor-widget-text-editor\" data-id=\"bd83d6b\" data-element_type=\"widget\" data-e-type=\"widget\" data-settings=\"{&quot;ekit_we_effect_on&quot;:&quot;none&quot;}\" data-widget_type=\"text-editor.default\">\n\t\t\t\t<div class=\"elementor-widget-container\">\n\t\t\t\t\t\t\t\t\t<p>Biopodobne linie kom\u00f3rkowe Polpharma Biologics s\u0105 dost\u0119pne w ramach licencji i gotowe do produkcji w wybranym przez Pa\u0144stwa o\u015brodku. Skontaktuj si\u0119 z nami, aby om\u00f3wi\u0107 wszelkie interesuj\u0105ce Ci\u0119 leki biopodobne.<\/p>\t\t\t\t\t\t\t\t<\/div>\n\t\t\t\t<\/div>\n\t\t\t\t<div class=\"elementor-element elementor-element-8f70b36 elementor-widget-mobile__width-inherit elementor-align-center elementor-widget elementor-widget-elementskit-button\" data-id=\"8f70b36\" data-element_type=\"widget\" data-e-type=\"widget\" data-settings=\"{&quot;ekit_we_effect_on&quot;:&quot;none&quot;}\" data-widget_type=\"elementskit-button.default\">\n\t\t\t\t<div class=\"elementor-widget-container\">\n\t\t\t\t\t<div class=\"ekit-wid-con\" >\t\t<div class=\"ekit-btn-wraper\">\n\t\t\t\t\t\t\t<a href=\"\/kontakt\" class=\"elementskit-btn  whitespace--normal\" id=\"\">\n\t\t\t\t\tSkontaktuj si\u0119\t\t\t\t<\/a>\n\t\t\t\t\t<\/div>\n        <\/div>\t\t\t\t<\/div>\n\t\t\t\t<\/div>\n\t\t\t\t<\/div>\n\t\t\t\t<\/div>\n\t\t\t\t<\/div>\n\t\t\t\t\t<\/div>\n\t\t\t\t<\/div>\n\t\t\t\t<\/div>\n\t\t","protected":false},"excerpt":{"rendered":"<p>Biopodobne linie kom\u00f3rkowe Posiadamy linie kom\u00f3rkowe o wysokiej ekspresji, gotowe do wytwarzania bia\u0142ek biopodobnych i rozwoju procesu. Polpharma Biologics opracowa\u0142a portfolio wysoko produktywnych linii kom\u00f3rkowych z ekspresj\u0105 biopodobnych moleku\u0142, takich jak bia\u0142ka fuzyjne, enzymy i przeciwcia\u0142a monoklonalne, kt\u00f3re s\u0105 dost\u0119pne dla klient\u00f3w na zasadzie udzielania licencji. Skontaktuj si\u0119 Dost\u0119pne linie kom\u00f3rkowe Gotowe do GMP, stabilne, [&hellip;]<\/p>\n","protected":false},"author":7,"featured_media":0,"parent":6571,"menu_order":0,"comment_status":"closed","ping_status":"closed","template":"","meta":{"footnotes":""},"class_list":["post-6837","page","type-page","status-publish","hentry"],"_links":{"self":[{"href":"https:\/\/polpharmabiologics.com\/pl\/wp-json\/wp\/v2\/pages\/6837","targetHints":{"allow":["GET"]}}],"collection":[{"href":"https:\/\/polpharmabiologics.com\/pl\/wp-json\/wp\/v2\/pages"}],"about":[{"href":"https:\/\/polpharmabiologics.com\/pl\/wp-json\/wp\/v2\/types\/page"}],"author":[{"embeddable":true,"href":"https:\/\/polpharmabiologics.com\/pl\/wp-json\/wp\/v2\/users\/7"}],"replies":[{"embeddable":true,"href":"https:\/\/polpharmabiologics.com\/pl\/wp-json\/wp\/v2\/comments?post=6837"}],"version-history":[{"count":0,"href":"https:\/\/polpharmabiologics.com\/pl\/wp-json\/wp\/v2\/pages\/6837\/revisions"}],"up":[{"embeddable":true,"href":"https:\/\/polpharmabiologics.com\/pl\/wp-json\/wp\/v2\/pages\/6571"}],"wp:attachment":[{"href":"https:\/\/polpharmabiologics.com\/pl\/wp-json\/wp\/v2\/media?parent=6837"}],"curies":[{"name":"wp","href":"https:\/\/api.w.org\/{rel}","templated":true}]}}