{"id":9525,"date":"2025-03-25T12:43:18","date_gmt":"2025-03-25T12:43:18","guid":{"rendered":"https:\/\/polpharmabiologics.com\/?page_id=9525"},"modified":"2025-03-27T09:35:10","modified_gmt":"2025-03-27T09:35:10","slug":"bio-akademia","status":"publish","type":"page","link":"https:\/\/polpharmabiologics.com\/pl\/kariera\/bio-akademia\/","title":{"rendered":"BIO Akademia"},"content":{"rendered":"\t\t<div data-elementor-type=\"wp-page\" data-elementor-id=\"9525\" class=\"elementor elementor-9525\" data-elementor-post-type=\"page\">\n\t\t\t\t<div data-particle_enable=\"false\" data-particle-mobile-disabled=\"false\" class=\"elementor-element elementor-element-c1b504f e-flex e-con-boxed e-con e-parent\" data-id=\"c1b504f\" data-element_type=\"container\" data-e-type=\"container\" data-settings=\"{&quot;ekit_has_onepagescroll_dot&quot;:&quot;yes&quot;}\">\n\t\t\t\t\t<div class=\"e-con-inner\">\n\t\t<div data-particle_enable=\"false\" data-particle-mobile-disabled=\"false\" class=\"elementor-element elementor-element-9915a8c e-con-full e-flex elementor-invisible e-con e-child\" data-id=\"9915a8c\" data-element_type=\"container\" data-e-type=\"container\" data-settings=\"{&quot;background_background&quot;:&quot;classic&quot;,&quot;animation&quot;:&quot;fadeInLeft&quot;,&quot;ekit_has_onepagescroll_dot&quot;:&quot;yes&quot;}\">\n\t\t\t\t<div class=\"elementor-element elementor-element-e1e06ab elementor-hidden-desktop elementor-hidden-laptop elementor-hidden-tablet elementor-widget elementor-widget-image\" data-id=\"e1e06ab\" data-element_type=\"widget\" data-e-type=\"widget\" data-settings=\"{&quot;ekit_we_effect_on&quot;:&quot;none&quot;}\" data-widget_type=\"image.default\">\n\t\t\t\t<div class=\"elementor-widget-container\">\n\t\t\t\t\t\t\t\t\t\t\t\t\t\t\t<img fetchpriority=\"high\" decoding=\"async\" width=\"640\" height=\"768\" src=\"https:\/\/polpharmabiologics.com\/wp-content\/uploads\/2025\/02\/hero-mobile-30.jpg\" class=\"attachment-1536x1536 size-1536x1536 wp-image-543\" alt=\"\" srcset=\"https:\/\/polpharmabiologics.com\/wp-content\/uploads\/2025\/02\/hero-mobile-30.jpg 640w, https:\/\/polpharmabiologics.com\/wp-content\/uploads\/2025\/02\/hero-mobile-30-250x300.jpg 250w\" sizes=\"(max-width: 640px) 100vw, 640px\" \/>\t\t\t\t\t\t\t\t\t\t\t\t\t\t\t<\/div>\n\t\t\t\t<\/div>\n\t\t<div data-particle_enable=\"false\" data-particle-mobile-disabled=\"false\" class=\"elementor-element elementor-element-b82192c e-con-full e-flex e-con e-child\" data-id=\"b82192c\" data-element_type=\"container\" data-e-type=\"container\" data-settings=\"{&quot;background_background&quot;:&quot;classic&quot;,&quot;ekit_has_onepagescroll_dot&quot;:&quot;yes&quot;}\">\n\t\t\t\t<div class=\"elementor-element elementor-element-922cd36 elementor-widget elementor-widget-heading\" data-id=\"922cd36\" data-element_type=\"widget\" data-e-type=\"widget\" data-settings=\"{&quot;ekit_we_effect_on&quot;:&quot;none&quot;}\" data-widget_type=\"heading.default\">\n\t\t\t\t<div class=\"elementor-widget-container\">\n\t\t\t\t\t<h2 class=\"elementor-heading-title elementor-size-default\">BIO Akademia<\/h2>\t\t\t\t<\/div>\n\t\t\t\t<\/div>\n\t\t\t\t<div class=\"elementor-element elementor-element-570f573 elementor-widget elementor-widget-text-editor\" data-id=\"570f573\" data-element_type=\"widget\" data-e-type=\"widget\" data-settings=\"{&quot;ekit_we_effect_on&quot;:&quot;none&quot;}\" data-widget_type=\"text-editor.default\">\n\t\t\t\t<div class=\"elementor-widget-container\">\n\t\t\t\t\t\t\t\t\t<p>BIO Akademia to najwi\u0119kszy program edukacji praktycznej w polskim sektorze biotechnologicznym, kt\u00f3ry ma na celu kszta\u0142cenie i popraw\u0119 kwalifikacji obecnych i przysz\u0142ych pracownik\u00f3w sp\u00f3\u0142ki.<\/p>\t\t\t\t\t\t\t\t<\/div>\n\t\t\t\t<\/div>\n\t\t\t\t<\/div>\n\t\t\t\t<\/div>\n\t\t<div data-particle_enable=\"false\" data-particle-mobile-disabled=\"false\" class=\"elementor-element elementor-element-d461233 e-con-full e-flex elementor-invisible e-con e-child\" data-id=\"d461233\" data-element_type=\"container\" data-e-type=\"container\" data-settings=\"{&quot;animation&quot;:&quot;fadeInUp&quot;,&quot;ekit_has_onepagescroll_dot&quot;:&quot;yes&quot;}\">\n\t\t\t\t<div class=\"elementor-element elementor-element-76833b2 elementor-widget elementor-widget-text-editor\" data-id=\"76833b2\" data-element_type=\"widget\" data-e-type=\"widget\" data-settings=\"{&quot;ekit_we_effect_on&quot;:&quot;none&quot;}\" data-widget_type=\"text-editor.default\">\n\t\t\t\t<div class=\"elementor-widget-container\">\n\t\t\t\t\t\t\t\t\t<p>BIO Akademia to program edukacyjny Polpharma\u00a0Biologics\u00a0stworzony z my\u015bl\u0105 o naszych pracownikach oraz zewn\u0119trznych kandydatach. Oferujemy serie kurs\u00f3w dla tych, kt\u00f3rzy dopiero zapoznaj\u0105 si\u0119 z biotechnologi\u0105, chc\u0105 nadrobi\u0107 zaleg\u0142o\u015bci w niekt\u00f3rych jej obszarach, a tak\u017ce dla do\u015bwiadczonych pracownik\u00f3w, kt\u00f3rzy chcieliby poszerzy\u0107 swoj\u0105 wiedz\u0119 i umiej\u0119tno\u015bci.<\/p><p><br \/>Uczestnicy szkole\u0144 mog\u0105 korzysta\u0107 z bogatej oferty dydaktycznej, obejmuj\u0105cej wyk\u0142ady, prowadzone przez do\u015bwiadczonych pracownik\u00f3w i zewn\u0119trznych ekspert\u00f3w. Polecamy warsztaty i praktyczne szkolenia w specjalnie zaprojektowanych laboratoriach, kursy e-learningowe, samouczki i filmy instrukta\u017cowe<\/p>\t\t\t\t\t\t\t\t<\/div>\n\t\t\t\t<\/div>\n\t\t\t\t<\/div>\n\t\t\t\t\t<\/div>\n\t\t\t\t<\/div>\n\t\t<div data-particle_enable=\"false\" data-particle-mobile-disabled=\"false\" class=\"elementor-element elementor-element-447a3ee e-con-full e-flex e-con e-parent\" data-id=\"447a3ee\" data-element_type=\"container\" data-e-type=\"container\" data-settings=\"{&quot;ekit_has_onepagescroll_dot&quot;:&quot;yes&quot;}\">\n\t\t<div data-particle_enable=\"false\" data-particle-mobile-disabled=\"false\" class=\"elementor-element elementor-element-075f722 e-con-full e-flex e-con e-child\" data-id=\"075f722\" data-element_type=\"container\" data-e-type=\"container\" data-settings=\"{&quot;background_background&quot;:&quot;classic&quot;,&quot;ekit_has_onepagescroll_dot&quot;:&quot;yes&quot;}\">\n\t\t<div data-particle_enable=\"false\" data-particle-mobile-disabled=\"false\" class=\"elementor-element elementor-element-c371cae e-con-full e-flex elementor-invisible e-con e-child\" data-id=\"c371cae\" data-element_type=\"container\" data-e-type=\"container\" data-settings=\"{&quot;background_background&quot;:&quot;classic&quot;,&quot;animation&quot;:&quot;fadeInUp&quot;,&quot;ekit_has_onepagescroll_dot&quot;:&quot;yes&quot;}\">\n\t\t\t\t<div class=\"elementor-element elementor-element-219dd8d elementor-widget elementor-widget-text-editor\" data-id=\"219dd8d\" data-element_type=\"widget\" data-e-type=\"widget\" data-settings=\"{&quot;ekit_we_effect_on&quot;:&quot;none&quot;}\" data-widget_type=\"text-editor.default\">\n\t\t\t\t<div class=\"elementor-widget-container\">\n\t\t\t\t\t\t\t\t\t<p><em>\u201cCelem BIO Akademii jest ci\u0105g\u0142e doskonalenie wiedzy i umiej\u0119tno\u015bci pracownik\u00f3w oraz nauczanie proaktywnego podej\u015bcia ukierunkowanego na rozw\u00f3j i usprawnienie codziennej pracy w obszarze rozwoju biotechnologii i produkcji.\u201d<\/em><\/p>\t\t\t\t\t\t\t\t<\/div>\n\t\t\t\t<\/div>\n\t\t\t\t<\/div>\n\t\t<div data-particle_enable=\"false\" data-particle-mobile-disabled=\"false\" class=\"elementor-element elementor-element-7019131 e-con-full e-flex e-con e-child\" data-id=\"7019131\" data-element_type=\"container\" data-e-type=\"container\" data-settings=\"{&quot;ekit_has_onepagescroll_dot&quot;:&quot;yes&quot;}\">\n\t\t\t\t<div class=\"elementor-element elementor-element-9bc730e elementor-widget elementor-widget-heading\" data-id=\"9bc730e\" data-element_type=\"widget\" data-e-type=\"widget\" data-settings=\"{&quot;ekit_we_effect_on&quot;:&quot;none&quot;}\" data-widget_type=\"heading.default\">\n\t\t\t\t<div class=\"elementor-widget-container\">\n\t\t\t\t\t<h2 class=\"elementor-heading-title elementor-size-default\">BIO Akademia \u2014 najwi\u0119kszy program edukacji praktycznej w polskim sektorze biotechnologicznym<\/h2>\t\t\t\t<\/div>\n\t\t\t\t<\/div>\n\t\t\t\t<div class=\"elementor-element elementor-element-d4fdae0 elementor-invisible elementor-widget elementor-widget-text-editor\" data-id=\"d4fdae0\" data-element_type=\"widget\" data-e-type=\"widget\" data-settings=\"{&quot;_animation&quot;:&quot;fadeInUp&quot;,&quot;ekit_we_effect_on&quot;:&quot;none&quot;}\" data-widget_type=\"text-editor.default\">\n\t\t\t\t<div class=\"elementor-widget-container\">\n\t\t\t\t\t\t\t\t\t<p>BIO Akademia to najwi\u0119kszy program edukacji praktycznej w polskim sektorze biotechnologicznym, kt\u00f3ry ma na celu podnoszenie kwalifikacji obecnych i przysz\u0142ych pracownik\u00f3w sp\u00f3\u0142ki. Umo\u017cliwia transfer wiedzy specjalistycznej i nowych kompetencji niezb\u0119dnych do rozwoju tego m\u0142odego sektora w Polsce. W ci\u0105gu najbli\u017cszych sze\u015bciu lat BIO Akademi\u0119 uko\u0144czy oko\u0142o 600 specjalist\u00f3w.<\/p>\t\t\t\t\t\t\t\t<\/div>\n\t\t\t\t<\/div>\n\t\t\t\t<div class=\"elementor-element elementor-element-024aadb elementor-hidden-mobile elementor-invisible elementor-widget elementor-widget-image\" data-id=\"024aadb\" data-element_type=\"widget\" data-e-type=\"widget\" data-settings=\"{&quot;_animation&quot;:&quot;fadeInUp&quot;,&quot;ekit_we_effect_on&quot;:&quot;none&quot;}\" data-widget_type=\"image.default\">\n\t\t\t\t<div class=\"elementor-widget-container\">\n\t\t\t\t\t\t\t\t\t\t\t\t\t\t\t<img decoding=\"async\" width=\"800\" height=\"367\" src=\"https:\/\/polpharmabiologics.com\/wp-content\/uploads\/2025\/02\/bioAcademy-2.jpg\" class=\"attachment-large size-large wp-image-502\" alt=\"\" srcset=\"https:\/\/polpharmabiologics.com\/wp-content\/uploads\/2025\/02\/bioAcademy-2.jpg 970w, https:\/\/polpharmabiologics.com\/wp-content\/uploads\/2025\/02\/bioAcademy-2-300x138.jpg 300w, https:\/\/polpharmabiologics.com\/wp-content\/uploads\/2025\/02\/bioAcademy-2-768x352.jpg 768w\" sizes=\"(max-width: 800px) 100vw, 800px\" \/>\t\t\t\t\t\t\t\t\t\t\t\t\t\t\t<\/div>\n\t\t\t\t<\/div>\n\t\t\t\t<div class=\"elementor-element elementor-element-104b4ab elementor-hidden-desktop elementor-hidden-laptop elementor-hidden-tablet elementor-invisible elementor-widget elementor-widget-image\" data-id=\"104b4ab\" data-element_type=\"widget\" data-e-type=\"widget\" data-settings=\"{&quot;_animation&quot;:&quot;fadeInUp&quot;,&quot;ekit_we_effect_on&quot;:&quot;none&quot;}\" data-widget_type=\"image.default\">\n\t\t\t\t<div class=\"elementor-widget-container\">\n\t\t\t\t\t\t\t\t\t\t\t\t\t\t\t<img decoding=\"async\" width=\"640\" height=\"568\" src=\"https:\/\/polpharmabiologics.com\/wp-content\/uploads\/2025\/02\/bioAcademy-2-mobile.jpg\" class=\"attachment-large size-large wp-image-501\" alt=\"\" srcset=\"https:\/\/polpharmabiologics.com\/wp-content\/uploads\/2025\/02\/bioAcademy-2-mobile.jpg 640w, https:\/\/polpharmabiologics.com\/wp-content\/uploads\/2025\/02\/bioAcademy-2-mobile-300x266.jpg 300w\" sizes=\"(max-width: 640px) 100vw, 640px\" \/>\t\t\t\t\t\t\t\t\t\t\t\t\t\t\t<\/div>\n\t\t\t\t<\/div>\n\t\t\t\t<\/div>\n\t\t\t\t<\/div>\n\t\t\t\t<\/div>\n\t\t<div data-particle_enable=\"false\" data-particle-mobile-disabled=\"false\" class=\"elementor-element elementor-element-dba0ca8 e-con-full e-flex e-con e-parent\" data-id=\"dba0ca8\" data-element_type=\"container\" data-e-type=\"container\" data-settings=\"{&quot;background_background&quot;:&quot;classic&quot;,&quot;ekit_has_onepagescroll_dot&quot;:&quot;yes&quot;}\">\n\t\t<div data-particle_enable=\"false\" data-particle-mobile-disabled=\"false\" class=\"elementor-element elementor-element-e416fee e-con-full e-flex e-con e-child\" data-id=\"e416fee\" data-element_type=\"container\" data-e-type=\"container\" data-settings=\"{&quot;ekit_has_onepagescroll_dot&quot;:&quot;yes&quot;}\">\n\t\t\t\t<div class=\"elementor-element elementor-element-16d7c93 elementor-widget elementor-widget-heading\" data-id=\"16d7c93\" data-element_type=\"widget\" data-e-type=\"widget\" data-settings=\"{&quot;ekit_we_effect_on&quot;:&quot;none&quot;}\" data-widget_type=\"heading.default\">\n\t\t\t\t<div class=\"elementor-widget-container\">\n\t\t\t\t\t<h2 class=\"elementor-heading-title elementor-size-default\">Koncentracja na praktyce<\/h2>\t\t\t\t<\/div>\n\t\t\t\t<\/div>\n\t\t\t\t<div class=\"elementor-element elementor-element-04f511c elementor-invisible elementor-widget elementor-widget-text-editor\" data-id=\"04f511c\" data-element_type=\"widget\" data-e-type=\"widget\" data-settings=\"{&quot;_animation&quot;:&quot;fadeInUp&quot;,&quot;ekit_we_effect_on&quot;:&quot;none&quot;}\" data-widget_type=\"text-editor.default\">\n\t\t\t\t<div class=\"elementor-widget-container\">\n\t\t\t\t\t\t\t\t\t<p>BIO Akademia to unikatowa inicjatywa Polpharma Biologics, kt\u00f3ra pomaga uzupe\u0142ni\u0107 wiedz\u0119 akademick\u0105 o praktyczne know-how zwi\u0105zane z prac\u0105 w firmie biofarmaceutycznej, zar\u00f3wno w laboratorium, jak i w \u015brodowisku produkcyjnym.<\/p>\t\t\t\t\t\t\t\t<\/div>\n\t\t\t\t<\/div>\n\t\t\t\t<\/div>\n\t\t<div data-particle_enable=\"false\" data-particle-mobile-disabled=\"false\" class=\"elementor-element elementor-element-8eb24b8 e-con-full e-flex e-con e-child\" data-id=\"8eb24b8\" data-element_type=\"container\" data-e-type=\"container\" data-settings=\"{&quot;ekit_has_onepagescroll_dot&quot;:&quot;yes&quot;}\">\n\t\t\t\t<div class=\"elementor-element elementor-element-d3b5e90 elementor-widget elementor-widget-heading\" data-id=\"d3b5e90\" data-element_type=\"widget\" data-e-type=\"widget\" data-settings=\"{&quot;ekit_we_effect_on&quot;:&quot;none&quot;}\" data-widget_type=\"heading.default\">\n\t\t\t\t<div class=\"elementor-widget-container\">\n\t\t\t\t\t<h2 class=\"elementor-heading-title elementor-size-default\">Dzielenie si\u0119 wiedz\u0105<\/h2>\t\t\t\t<\/div>\n\t\t\t\t<\/div>\n\t\t\t\t<div class=\"elementor-element elementor-element-998fe98 elementor-invisible elementor-widget elementor-widget-text-editor\" data-id=\"998fe98\" data-element_type=\"widget\" data-e-type=\"widget\" data-settings=\"{&quot;_animation&quot;:&quot;fadeInUp&quot;,&quot;ekit_we_effect_on&quot;:&quot;none&quot;}\" data-widget_type=\"text-editor.default\">\n\t\t\t\t<div class=\"elementor-widget-container\">\n\t\t\t\t\t\t\t\t\t<p>W trakcie kurs\u00f3w uczestnicy nabywaj\u0105 nowych umiej\u0119tno\u015bci, korzystaj\u0105c ze specjalistycznych narz\u0119dzi opracowanych przez do\u015bwiadczonych ekspert\u00f3w Polpharma Biologics. Prowadz\u0105cy dziel\u0105 si\u0119 wiedz\u0105 w trakcie wyk\u0142ad\u00f3w i zaj\u0119\u0107 praktycznych w laboratoriach, a tak\u017ce w formie kurs\u00f3w e-learningowych, materia\u0142\u00f3w wideo i zaj\u0119\u0107 indywidualnych.<\/p>\n<p>\u00a0<\/p>\n<p>Uczestnicy programu nabywaj\u0105 wiedz\u0119 w ramach specjalnie skonstruowanych szkole\u0144, w biotechnologicznych laboratoriach badawczych w zak\u0142adzie Polfa Warszawa. Warto\u015b\u0107 inwestycji w obiekty szkoleniowe, w tym w zakup sprz\u0119tu, przekroczy\u0142a 10 mln z\u0142otych. Laboratorium umo\u017cliwia obserwacj\u0119 i analiz\u0119 proces\u00f3w na mniejsz\u0105 skal\u0119, z wykorzystaniem specjalistycznych urz\u0105dze\u0144 i zasob\u00f3w technicznych. Udzia\u0142 w rzeczywistych procesach biotechnologicznych pomaga uczestnikom programu w efektywnym rozwijaniu umiej\u0119tno\u015bci praktycznych i umo\u017cliwia poznawanie tajnik\u00f3w pracy w zak\u0142adach produkcji lek\u00f3w biologicznych w Warszawie i w Gda\u0144sku.<\/p>\t\t\t\t\t\t\t\t<\/div>\n\t\t\t\t<\/div>\n\t\t\t\t<\/div>\n\t\t\t\t<\/div>\n\t\t\t\t<\/div>\n\t\t","protected":false},"excerpt":{"rendered":"<p>BIO Akademia BIO Akademia to najwi\u0119kszy program edukacji praktycznej w polskim sektorze biotechnologicznym, kt\u00f3ry ma na celu kszta\u0142cenie i popraw\u0119 kwalifikacji obecnych i przysz\u0142ych pracownik\u00f3w sp\u00f3\u0142ki. BIO Akademia to program edukacyjny Polpharma\u00a0Biologics\u00a0stworzony z my\u015bl\u0105 o naszych pracownikach oraz zewn\u0119trznych kandydatach. Oferujemy serie kurs\u00f3w dla tych, kt\u00f3rzy dopiero zapoznaj\u0105 si\u0119 z biotechnologi\u0105, chc\u0105 nadrobi\u0107 zaleg\u0142o\u015bci w [&hellip;]<\/p>\n","protected":false},"author":5,"featured_media":0,"parent":5099,"menu_order":0,"comment_status":"closed","ping_status":"closed","template":"","meta":{"footnotes":""},"class_list":["post-9525","page","type-page","status-publish","hentry"],"_links":{"self":[{"href":"https:\/\/polpharmabiologics.com\/pl\/wp-json\/wp\/v2\/pages\/9525","targetHints":{"allow":["GET"]}}],"collection":[{"href":"https:\/\/polpharmabiologics.com\/pl\/wp-json\/wp\/v2\/pages"}],"about":[{"href":"https:\/\/polpharmabiologics.com\/pl\/wp-json\/wp\/v2\/types\/page"}],"author":[{"embeddable":true,"href":"https:\/\/polpharmabiologics.com\/pl\/wp-json\/wp\/v2\/users\/5"}],"replies":[{"embeddable":true,"href":"https:\/\/polpharmabiologics.com\/pl\/wp-json\/wp\/v2\/comments?post=9525"}],"version-history":[{"count":0,"href":"https:\/\/polpharmabiologics.com\/pl\/wp-json\/wp\/v2\/pages\/9525\/revisions"}],"up":[{"embeddable":true,"href":"https:\/\/polpharmabiologics.com\/pl\/wp-json\/wp\/v2\/pages\/5099"}],"wp:attachment":[{"href":"https:\/\/polpharmabiologics.com\/pl\/wp-json\/wp\/v2\/media?parent=9525"}],"curies":[{"name":"wp","href":"https:\/\/api.w.org\/{rel}","templated":true}]}}