{"id":9612,"date":"2025-03-25T20:26:02","date_gmt":"2025-03-25T20:26:02","guid":{"rendered":"https:\/\/polpharmabiologics.com\/?page_id=9612"},"modified":"2025-04-01T08:12:55","modified_gmt":"2025-04-01T08:12:55","slug":"co-robimy","status":"publish","type":"page","link":"https:\/\/polpharmabiologics.com\/pl\/o-nas\/co-robimy\/","title":{"rendered":"Co robimy"},"content":{"rendered":"\t\t<div data-elementor-type=\"wp-page\" data-elementor-id=\"9612\" class=\"elementor elementor-9612\" data-elementor-post-type=\"page\">\n\t\t\t\t<div data-particle_enable=\"false\" data-particle-mobile-disabled=\"false\" class=\"elementor-element elementor-element-87637e2 e-flex e-con-boxed e-con e-parent\" data-id=\"87637e2\" data-element_type=\"container\" data-e-type=\"container\" data-settings=\"{&quot;ekit_has_onepagescroll_dot&quot;:&quot;yes&quot;}\">\n\t\t\t\t\t<div class=\"e-con-inner\">\n\t\t<div data-particle_enable=\"false\" data-particle-mobile-disabled=\"false\" class=\"elementor-element elementor-element-105b304 e-con-full e-flex elementor-invisible e-con e-child\" data-id=\"105b304\" data-element_type=\"container\" data-e-type=\"container\" data-settings=\"{&quot;background_background&quot;:&quot;classic&quot;,&quot;animation&quot;:&quot;fadeInLeft&quot;,&quot;ekit_has_onepagescroll_dot&quot;:&quot;yes&quot;}\">\n\t\t\t\t<div class=\"elementor-element elementor-element-b6ed404 elementor-hidden-desktop elementor-hidden-laptop elementor-hidden-tablet elementor-widget elementor-widget-image\" data-id=\"b6ed404\" data-element_type=\"widget\" data-e-type=\"widget\" data-settings=\"{&quot;ekit_we_effect_on&quot;:&quot;none&quot;}\" data-widget_type=\"image.default\">\n\t\t\t\t<div class=\"elementor-widget-container\">\n\t\t\t\t\t\t\t\t\t\t\t\t\t\t\t<img fetchpriority=\"high\" decoding=\"async\" width=\"640\" height=\"768\" src=\"https:\/\/polpharmabiologics.com\/wp-content\/uploads\/2025\/02\/hero-mobile-46.jpg\" class=\"attachment-1536x1536 size-1536x1536 wp-image-707\" alt=\"\" srcset=\"https:\/\/polpharmabiologics.com\/wp-content\/uploads\/2025\/02\/hero-mobile-46.jpg 640w, https:\/\/polpharmabiologics.com\/wp-content\/uploads\/2025\/02\/hero-mobile-46-250x300.jpg 250w\" sizes=\"(max-width: 640px) 100vw, 640px\" \/>\t\t\t\t\t\t\t\t\t\t\t\t\t\t\t<\/div>\n\t\t\t\t<\/div>\n\t\t<div data-particle_enable=\"false\" data-particle-mobile-disabled=\"false\" class=\"elementor-element elementor-element-b62e122 e-con-full e-flex e-con e-child\" data-id=\"b62e122\" data-element_type=\"container\" data-e-type=\"container\" data-settings=\"{&quot;background_background&quot;:&quot;classic&quot;,&quot;ekit_has_onepagescroll_dot&quot;:&quot;yes&quot;}\">\n\t\t\t\t<div class=\"elementor-element elementor-element-962def2 elementor-widget elementor-widget-heading\" data-id=\"962def2\" data-element_type=\"widget\" data-e-type=\"widget\" data-settings=\"{&quot;ekit_we_effect_on&quot;:&quot;none&quot;}\" data-widget_type=\"heading.default\">\n\t\t\t\t<div class=\"elementor-widget-container\">\n\t\t\t\t\t<h2 class=\"elementor-heading-title elementor-size-default\">Co robimy<\/h2>\t\t\t\t<\/div>\n\t\t\t\t<\/div>\n\t\t\t\t<div class=\"elementor-element elementor-element-7f3916b elementor-widget elementor-widget-text-editor\" data-id=\"7f3916b\" data-element_type=\"widget\" data-e-type=\"widget\" data-settings=\"{&quot;ekit_we_effect_on&quot;:&quot;none&quot;}\" data-widget_type=\"text-editor.default\">\n\t\t\t\t<div class=\"elementor-widget-container\">\n\t\t\t\t\t\t\t\t\t<p>Z pasj\u0105 tworzymy najwy\u017cszej jako\u015bci leki biologiczne.<\/p>\t\t\t\t\t\t\t\t<\/div>\n\t\t\t\t<\/div>\n\t\t\t\t<div class=\"elementor-element elementor-element-8586e86 elementor-widget elementor-widget-text-editor\" data-id=\"8586e86\" data-element_type=\"widget\" data-e-type=\"widget\" data-settings=\"{&quot;ekit_we_effect_on&quot;:&quot;none&quot;}\" data-widget_type=\"text-editor.default\">\n\t\t\t\t<div class=\"elementor-widget-container\">\n\t\t\t\t\t\t\t\t\tDostarczamy pacjentom bezpieczne i skuteczne rozwi\u0105zania terapeutyczne w najbardziej wymagaj\u0105cych obszarach chorobowych.\t\t\t\t\t\t\t\t<\/div>\n\t\t\t\t<\/div>\n\t\t\t\t<\/div>\n\t\t\t\t<\/div>\n\t\t<div data-particle_enable=\"false\" data-particle-mobile-disabled=\"false\" class=\"elementor-element elementor-element-8f2aa8c e-con-full e-flex elementor-invisible e-con e-child\" data-id=\"8f2aa8c\" data-element_type=\"container\" data-e-type=\"container\" data-settings=\"{&quot;animation&quot;:&quot;fadeInUp&quot;,&quot;ekit_has_onepagescroll_dot&quot;:&quot;yes&quot;}\">\n\t\t\t\t<div class=\"elementor-element elementor-element-7a9fdb1 elementor-widget__width-initial elementor-widget elementor-widget-text-editor\" data-id=\"7a9fdb1\" data-element_type=\"widget\" data-e-type=\"widget\" data-settings=\"{&quot;ekit_we_effect_on&quot;:&quot;none&quot;}\" data-widget_type=\"text-editor.default\">\n\t\t\t\t<div class=\"elementor-widget-container\">\n\t\t\t\t\t\t\t\t\t<p>Polpharma Biologics prowadzi dzia\u0142alno\u015b\u0107 biznesow\u0105 w zakresie samodzielnie opracowanych cz\u0105steczek oraz zapewnienia \u2013 jako wytw\u00f3rca kontraktowy \u2013 najwy\u017cszej jako\u015bci us\u0142ugi w procesie rozwoju projekt\u00f3w B+R dla innych podmiot\u00f3w bran\u017cy farmaceutycznej.<\/p>\t\t\t\t\t\t\t\t<\/div>\n\t\t\t\t<\/div>\n\t\t\t\t<div class=\"elementor-element elementor-element-fca9cd5 elementor-widget__width-initial elementor-widget elementor-widget-text-editor\" data-id=\"fca9cd5\" data-element_type=\"widget\" data-e-type=\"widget\" data-settings=\"{&quot;ekit_we_effect_on&quot;:&quot;none&quot;}\" data-widget_type=\"text-editor.default\">\n\t\t\t\t<div class=\"elementor-widget-container\">\n\t\t\t\t\t\t\t\t\t<p>Obydwa obszary dzia\u0142ania odzwierciedlaj\u0105 nasz\u0105 ambicj\u0119 i determinacj\u0119, aby umo\u017cliwi\u0107 pacjentom na ca\u0142ym \u015bwiecie wi\u0119kszy dost\u0119p do innowacyjnych lek\u00f3w.<\/p>\t\t\t\t\t\t\t\t<\/div>\n\t\t\t\t<\/div>\n\t\t\t\t<\/div>\n\t\t\t\t\t<\/div>\n\t\t\t\t<\/div>\n\t\t<div data-particle_enable=\"false\" data-particle-mobile-disabled=\"false\" class=\"elementor-element elementor-element-c1135b2 e-con-full e-flex e-con e-parent\" data-id=\"c1135b2\" data-element_type=\"container\" data-e-type=\"container\" data-settings=\"{&quot;background_background&quot;:&quot;classic&quot;,&quot;ekit_has_onepagescroll_dot&quot;:&quot;yes&quot;}\">\n\t\t<div data-particle_enable=\"false\" data-particle-mobile-disabled=\"false\" class=\"elementor-element elementor-element-6c72e8d e-con-full e-flex e-con e-child\" data-id=\"6c72e8d\" data-element_type=\"container\" data-e-type=\"container\" data-settings=\"{&quot;ekit_has_onepagescroll_dot&quot;:&quot;yes&quot;}\">\n\t\t\t\t<div class=\"elementor-element elementor-element-104c9db elementor-widget elementor-widget-heading\" data-id=\"104c9db\" data-element_type=\"widget\" data-e-type=\"widget\" data-settings=\"{&quot;ekit_we_effect_on&quot;:&quot;none&quot;}\" data-widget_type=\"heading.default\">\n\t\t\t\t<div class=\"elementor-widget-container\">\n\t\t\t\t\t<h2 class=\"elementor-heading-title elementor-size-default\">Leki biologiczne: portfolio i partnerstwa<\/h2>\t\t\t\t<\/div>\n\t\t\t\t<\/div>\n\t\t<div data-particle_enable=\"false\" data-particle-mobile-disabled=\"false\" class=\"elementor-element elementor-element-47dcb68 e-con-full e-flex elementor-invisible e-con e-child\" data-id=\"47dcb68\" data-element_type=\"container\" data-e-type=\"container\" data-settings=\"{&quot;animation&quot;:&quot;fadeInUp&quot;,&quot;ekit_has_onepagescroll_dot&quot;:&quot;yes&quot;}\">\n\t\t\t\t<div class=\"elementor-element elementor-element-2646e30 elementor-widget__width-initial elementor-widget elementor-widget-text-editor\" data-id=\"2646e30\" data-element_type=\"widget\" data-e-type=\"widget\" data-settings=\"{&quot;ekit_we_effect_on&quot;:&quot;none&quot;}\" data-widget_type=\"text-editor.default\">\n\t\t\t\t<div class=\"elementor-widget-container\">\n\t\t\t\t\t\t\t\t\tPolpharma Biologics stale rozwija w\u0142asne projekty w zakresie tworzenia lek\u00f3w biopodobnych i innowacyjnych lek\u00f3w biologicznych.\t\t\t\t\t\t\t\t<\/div>\n\t\t\t\t<\/div>\n\t\t\t\t<div class=\"elementor-element elementor-element-962b03e elementor-widget__width-initial elementor-widget elementor-widget-text-editor\" data-id=\"962b03e\" data-element_type=\"widget\" data-e-type=\"widget\" data-settings=\"{&quot;ekit_we_effect_on&quot;:&quot;none&quot;}\" data-widget_type=\"text-editor.default\">\n\t\t\t\t<div class=\"elementor-widget-container\">\n\t\t\t\t\t\t\t\t\tKoncentrujemy si\u0119 na poszerzaniu naszego portfolio, aby zwi\u0119ksza\u0107 dost\u0119p pacjent\u00f3w do lek\u00f3w biologicznych w kluczowych obszarach terapeutycznych. To nasz nadrz\u0119dny cel &#8211; realizuj\u0105c go, jeste\u015bmy otwarci na wsp\u00f3\u0142prac\u0119 z innymi podmiotami, by wsp\u00f3lnie rozwija\u0107 lub komercjalizowa\u0107 nasze leki biologiczne.\t\t\t\t\t\t\t\t<\/div>\n\t\t\t\t<\/div>\n\t\t\t\t<\/div>\n\t\t<div data-particle_enable=\"false\" data-particle-mobile-disabled=\"false\" class=\"elementor-element elementor-element-f33e873 e-con-full e-flex e-con e-child\" data-id=\"f33e873\" data-element_type=\"container\" data-e-type=\"container\" data-settings=\"{&quot;ekit_has_onepagescroll_dot&quot;:&quot;yes&quot;}\">\n\t\t\t\t<div class=\"elementor-element elementor-element-d724d1c fade-up-element elementor-align-center elementor-widget elementor-widget-elementskit-button\" data-id=\"d724d1c\" data-element_type=\"widget\" data-e-type=\"widget\" data-settings=\"{&quot;ekit_we_effect_on&quot;:&quot;none&quot;}\" data-widget_type=\"elementskit-button.default\">\n\t\t\t\t<div class=\"elementor-widget-container\">\n\t\t\t\t\t<div class=\"ekit-wid-con\" >\t\t<div class=\"ekit-btn-wraper\">\n\t\t\t\t\t\t\t<a href=\"https:\/\/polpharmabiologics.com\/pl\/oferta-i-portfolio\/portfolio-lekow-biopodobnych\/\" class=\"elementskit-btn  whitespace--normal\" id=\"\">\n\t\t\t\t\tPortfolio lek\u00f3w biopodobnych\t\t\t\t<\/a>\n\t\t\t\t\t<\/div>\n        <\/div>\t\t\t\t<\/div>\n\t\t\t\t<\/div>\n\t\t\t\t<div class=\"elementor-element elementor-element-3911c7c fade-up-element elementor-align-center elementor-widget elementor-widget-elementskit-button\" data-id=\"3911c7c\" data-element_type=\"widget\" data-e-type=\"widget\" data-settings=\"{&quot;ekit_we_effect_on&quot;:&quot;none&quot;}\" data-widget_type=\"elementskit-button.default\">\n\t\t\t\t<div class=\"elementor-widget-container\">\n\t\t\t\t\t<div class=\"ekit-wid-con\" >\t\t<div class=\"ekit-btn-wraper\">\n\t\t\t\t\t\t\t<a href=\"https:\/\/polpharmabiologics.com\/pl\/oferta-i-portfolio\/nasi-partnerzy\/\" class=\"elementskit-btn  whitespace--normal\" id=\"\">\n\t\t\t\t\tPortfolio lek\u00f3w innowacyjnych\t\t\t\t<\/a>\n\t\t\t\t\t<\/div>\n        <\/div>\t\t\t\t<\/div>\n\t\t\t\t<\/div>\n\t\t\t\t<\/div>\n\t\t\t\t<\/div>\n\t\t\t\t<\/div>\n\t\t<div data-particle_enable=\"false\" data-particle-mobile-disabled=\"false\" class=\"elementor-element elementor-element-d291afe e-con-full e-flex e-con e-parent\" data-id=\"d291afe\" data-element_type=\"container\" data-e-type=\"container\" data-settings=\"{&quot;background_background&quot;:&quot;classic&quot;,&quot;ekit_has_onepagescroll_dot&quot;:&quot;yes&quot;}\">\n\t\t<div data-particle_enable=\"false\" data-particle-mobile-disabled=\"false\" class=\"elementor-element elementor-element-d4e0b31 e-con-full e-flex e-con e-child\" data-id=\"d4e0b31\" data-element_type=\"container\" data-e-type=\"container\" data-settings=\"{&quot;ekit_has_onepagescroll_dot&quot;:&quot;yes&quot;}\">\n\t\t\t\t<div class=\"elementor-element elementor-element-b4baeb6 elementor-widget elementor-widget-heading\" data-id=\"b4baeb6\" data-element_type=\"widget\" data-e-type=\"widget\" data-settings=\"{&quot;ekit_we_effect_on&quot;:&quot;none&quot;}\" data-widget_type=\"heading.default\">\n\t\t\t\t<div class=\"elementor-widget-container\">\n\t\t\t\t\t<h2 class=\"elementor-heading-title elementor-size-default\">Rozw\u00f3j cz\u0105steczek Klient\u00f3w oraz nasze us\u0142ugi jako wytw\u00f3rcy kontraktowego<\/h2>\t\t\t\t<\/div>\n\t\t\t\t<\/div>\n\t\t\t\t<div class=\"elementor-element elementor-element-431fb04 elementor-widget elementor-widget-image\" data-id=\"431fb04\" data-element_type=\"widget\" data-e-type=\"widget\" data-settings=\"{&quot;ekit_we_effect_on&quot;:&quot;none&quot;}\" data-widget_type=\"image.default\">\n\t\t\t\t<div class=\"elementor-widget-container\">\n\t\t\t\t\t\t\t\t\t\t\t\t\t\t\t<img decoding=\"async\" width=\"1170\" height=\"545\" src=\"https:\/\/polpharmabiologics.com\/wp-content\/uploads\/2025\/02\/solutions.jpg\" class=\"attachment-1536x1536 size-1536x1536 wp-image-54\" alt=\"\" srcset=\"https:\/\/polpharmabiologics.com\/wp-content\/uploads\/2025\/02\/solutions.jpg 1170w, https:\/\/polpharmabiologics.com\/wp-content\/uploads\/2025\/02\/solutions-300x140.jpg 300w, https:\/\/polpharmabiologics.com\/wp-content\/uploads\/2025\/02\/solutions-1024x477.jpg 1024w, https:\/\/polpharmabiologics.com\/wp-content\/uploads\/2025\/02\/solutions-768x358.jpg 768w\" sizes=\"(max-width: 1170px) 100vw, 1170px\" \/>\t\t\t\t\t\t\t\t\t\t\t\t\t\t\t<\/div>\n\t\t\t\t<\/div>\n\t\t<div data-particle_enable=\"false\" data-particle-mobile-disabled=\"false\" class=\"elementor-element elementor-element-c0cc46f e-con-full e-flex elementor-invisible e-con e-child\" data-id=\"c0cc46f\" data-element_type=\"container\" data-e-type=\"container\" data-settings=\"{&quot;animation&quot;:&quot;fadeInUp&quot;,&quot;ekit_has_onepagescroll_dot&quot;:&quot;yes&quot;}\">\n\t\t\t\t<div class=\"elementor-element elementor-element-de7aedc elementor-widget__width-initial elementor-widget elementor-widget-text-editor\" data-id=\"de7aedc\" data-element_type=\"widget\" data-e-type=\"widget\" data-settings=\"{&quot;ekit_we_effect_on&quot;:&quot;none&quot;}\" data-widget_type=\"text-editor.default\">\n\t\t\t\t<div class=\"elementor-widget-container\">\n\t\t\t\t\t\t\t\t\tNasz zesp\u00f3\u0142 ekspert\u00f3w jest przygotowany kompetencyjnie i organizacyjnie, by wspiera\u0107 rozw\u00f3j lek\u00f3w biologicznych \u2013 od wczesnego etapu po komercyjne dostawy. Pracujemy w mikroskali, realizuj\u0105c projekty akademickie nowo powsta\u0142ych, ma\u0142ych firm biotechnologicznych oraz w szerokim zakresie \u2013 dla du\u017cych koncern\u00f3w farmaceutycznych, kt\u00f3re zamierzaj\u0105 rozwija\u0107 leki w masowej skali.\t\t\t\t\t\t\t\t<\/div>\n\t\t\t\t<\/div>\n\t\t\t\t<div class=\"elementor-element elementor-element-197eb00 elementor-widget__width-initial elementor-widget elementor-widget-text-editor\" data-id=\"197eb00\" data-element_type=\"widget\" data-e-type=\"widget\" data-settings=\"{&quot;ekit_we_effect_on&quot;:&quot;none&quot;}\" data-widget_type=\"text-editor.default\">\n\t\t\t\t<div class=\"elementor-widget-container\">\n\t\t\t\t\t\t\t\t\tNasz\u0105 przewag\u0105 jest ca\u0142kowita integracja i elastyczno\u015b\u0107 procesu. Pozwala to na pe\u0142n\u0105 kontrol\u0119 jako\u015bci i wydajno\u015bci na ka\u017cdym etapie procesu\u2013 od linii kom\u00f3rkowej poprzez rozw\u00f3j analityczny, po pe\u0142n\u0105 produkcj\u0119 substancji czynnej i gotowego produktu \u0142\u0105cznie ze sterylnym fill&#038;finish.\t\t\t\t\t\t\t\t<\/div>\n\t\t\t\t<\/div>\n\t\t\t\t<\/div>\n\t\t<div data-particle_enable=\"false\" data-particle-mobile-disabled=\"false\" class=\"elementor-element elementor-element-a61e58c e-con-full e-flex e-con e-child\" data-id=\"a61e58c\" data-element_type=\"container\" data-e-type=\"container\" data-settings=\"{&quot;ekit_has_onepagescroll_dot&quot;:&quot;yes&quot;}\">\n\t\t\t\t<div class=\"elementor-element elementor-element-7e24db8 fade-up-element elementor-align-center elementor-widget elementor-widget-elementskit-button\" data-id=\"7e24db8\" data-element_type=\"widget\" data-e-type=\"widget\" data-settings=\"{&quot;ekit_we_effect_on&quot;:&quot;none&quot;}\" data-widget_type=\"elementskit-button.default\">\n\t\t\t\t<div class=\"elementor-widget-container\">\n\t\t\t\t\t<div class=\"ekit-wid-con\" >\t\t<div class=\"ekit-btn-wraper\">\n\t\t\t\t\t\t\t<a href=\"https:\/\/polpharmabiologics.com\/pl\/czym-sie-zajmujemy\/\" class=\"elementskit-btn  whitespace--normal\" id=\"\">\n\t\t\t\t\tDowiedz si\u0119 wi\u0119cej\t\t\t\t<\/a>\n\t\t\t\t\t<\/div>\n        <\/div>\t\t\t\t<\/div>\n\t\t\t\t<\/div>\n\t\t\t\t<\/div>\n\t\t\t\t<\/div>\n\t\t\t\t<\/div>\n\t\t\t\t<\/div>\n\t\t","protected":false},"excerpt":{"rendered":"<p>Co robimy Z pasj\u0105 tworzymy najwy\u017cszej jako\u015bci leki biologiczne. Dostarczamy pacjentom bezpieczne i skuteczne rozwi\u0105zania terapeutyczne w najbardziej wymagaj\u0105cych obszarach chorobowych. Polpharma Biologics prowadzi dzia\u0142alno\u015b\u0107 biznesow\u0105 w zakresie samodzielnie opracowanych cz\u0105steczek oraz zapewnienia \u2013 jako wytw\u00f3rca kontraktowy \u2013 najwy\u017cszej jako\u015bci us\u0142ugi w procesie rozwoju projekt\u00f3w B+R dla innych podmiot\u00f3w bran\u017cy farmaceutycznej. Obydwa obszary dzia\u0142ania odzwierciedlaj\u0105 [&hellip;]<\/p>\n","protected":false},"author":5,"featured_media":0,"parent":2268,"menu_order":0,"comment_status":"closed","ping_status":"closed","template":"","meta":{"footnotes":""},"class_list":["post-9612","page","type-page","status-publish","hentry"],"_links":{"self":[{"href":"https:\/\/polpharmabiologics.com\/pl\/wp-json\/wp\/v2\/pages\/9612","targetHints":{"allow":["GET"]}}],"collection":[{"href":"https:\/\/polpharmabiologics.com\/pl\/wp-json\/wp\/v2\/pages"}],"about":[{"href":"https:\/\/polpharmabiologics.com\/pl\/wp-json\/wp\/v2\/types\/page"}],"author":[{"embeddable":true,"href":"https:\/\/polpharmabiologics.com\/pl\/wp-json\/wp\/v2\/users\/5"}],"replies":[{"embeddable":true,"href":"https:\/\/polpharmabiologics.com\/pl\/wp-json\/wp\/v2\/comments?post=9612"}],"version-history":[{"count":0,"href":"https:\/\/polpharmabiologics.com\/pl\/wp-json\/wp\/v2\/pages\/9612\/revisions"}],"up":[{"embeddable":true,"href":"https:\/\/polpharmabiologics.com\/pl\/wp-json\/wp\/v2\/pages\/2268"}],"wp:attachment":[{"href":"https:\/\/polpharmabiologics.com\/pl\/wp-json\/wp\/v2\/media?parent=9612"}],"curies":[{"name":"wp","href":"https:\/\/api.w.org\/{rel}","templated":true}]}}