{"id":9817,"date":"2025-03-26T13:30:39","date_gmt":"2025-03-26T13:30:39","guid":{"rendered":"https:\/\/polpharmabiologics.com\/?page_id=9817"},"modified":"2025-03-27T07:52:33","modified_gmt":"2025-03-27T07:52:33","slug":"laboratorium-kariery","status":"publish","type":"page","link":"https:\/\/polpharmabiologics.com\/pl\/kariera\/laboratorium-kariery\/","title":{"rendered":"Laboratorium Kariery"},"content":{"rendered":"\t\t<div data-elementor-type=\"wp-page\" data-elementor-id=\"9817\" class=\"elementor elementor-9817\" data-elementor-post-type=\"page\">\n\t\t\t\t<div data-particle_enable=\"false\" data-particle-mobile-disabled=\"false\" class=\"elementor-element elementor-element-346f19c e-flex e-con-boxed e-con e-parent\" data-id=\"346f19c\" data-element_type=\"container\" data-e-type=\"container\" data-settings=\"{&quot;ekit_has_onepagescroll_dot&quot;:&quot;yes&quot;}\">\n\t\t\t\t\t<div class=\"e-con-inner\">\n\t\t<div data-particle_enable=\"false\" data-particle-mobile-disabled=\"false\" class=\"elementor-element elementor-element-615c729 e-con-full e-flex elementor-invisible e-con e-child\" data-id=\"615c729\" data-element_type=\"container\" data-e-type=\"container\" data-settings=\"{&quot;background_background&quot;:&quot;classic&quot;,&quot;animation&quot;:&quot;fadeInLeft&quot;,&quot;ekit_has_onepagescroll_dot&quot;:&quot;yes&quot;}\">\n\t\t\t\t<div class=\"elementor-element elementor-element-cf97ad3 elementor-hidden-desktop elementor-hidden-laptop elementor-hidden-tablet elementor-widget elementor-widget-image\" data-id=\"cf97ad3\" data-element_type=\"widget\" data-e-type=\"widget\" data-settings=\"{&quot;ekit_we_effect_on&quot;:&quot;none&quot;}\" data-widget_type=\"image.default\">\n\t\t\t\t<div class=\"elementor-widget-container\">\n\t\t\t\t\t\t\t\t\t\t\t\t\t\t\t<img fetchpriority=\"high\" decoding=\"async\" width=\"1170\" height=\"545\" src=\"https:\/\/polpharmabiologics.com\/wp-content\/uploads\/2025\/02\/hero-36.jpg\" class=\"attachment-1536x1536 size-1536x1536 wp-image-569\" alt=\"\" srcset=\"https:\/\/polpharmabiologics.com\/wp-content\/uploads\/2025\/02\/hero-36.jpg 1170w, https:\/\/polpharmabiologics.com\/wp-content\/uploads\/2025\/02\/hero-36-300x140.jpg 300w, https:\/\/polpharmabiologics.com\/wp-content\/uploads\/2025\/02\/hero-36-1024x477.jpg 1024w, https:\/\/polpharmabiologics.com\/wp-content\/uploads\/2025\/02\/hero-36-768x358.jpg 768w\" sizes=\"(max-width: 1170px) 100vw, 1170px\" \/>\t\t\t\t\t\t\t\t\t\t\t\t\t\t\t<\/div>\n\t\t\t\t<\/div>\n\t\t<div data-particle_enable=\"false\" data-particle-mobile-disabled=\"false\" class=\"elementor-element elementor-element-676c959 e-con-full e-flex e-con e-child\" data-id=\"676c959\" data-element_type=\"container\" data-e-type=\"container\" data-settings=\"{&quot;background_background&quot;:&quot;classic&quot;,&quot;ekit_has_onepagescroll_dot&quot;:&quot;yes&quot;}\">\n\t\t\t\t<div class=\"elementor-element elementor-element-1a4aff6 elementor-widget elementor-widget-heading\" data-id=\"1a4aff6\" data-element_type=\"widget\" data-e-type=\"widget\" data-settings=\"{&quot;ekit_we_effect_on&quot;:&quot;none&quot;}\" data-widget_type=\"heading.default\">\n\t\t\t\t<div class=\"elementor-widget-container\">\n\t\t\t\t\t<h2 class=\"elementor-heading-title elementor-size-default\">Laboratorium Kariery<\/h2>\t\t\t\t<\/div>\n\t\t\t\t<\/div>\n\t\t\t\t<div class=\"elementor-element elementor-element-a8d19da elementor-widget elementor-widget-text-editor\" data-id=\"a8d19da\" data-element_type=\"widget\" data-e-type=\"widget\" data-settings=\"{&quot;ekit_we_effect_on&quot;:&quot;none&quot;}\" data-widget_type=\"text-editor.default\">\n\t\t\t\t<div class=\"elementor-widget-container\">\n\t\t\t\t\t\t\t\t\t<p>Rozwi\u0144 swoj\u0105 karier\u0119 z nami<\/p>\t\t\t\t\t\t\t\t<\/div>\n\t\t\t\t<\/div>\n\t\t\t\t<div class=\"elementor-element elementor-element-afae783 elementor-widget elementor-widget-text-editor\" data-id=\"afae783\" data-element_type=\"widget\" data-e-type=\"widget\" data-settings=\"{&quot;ekit_we_effect_on&quot;:&quot;none&quot;}\" data-widget_type=\"text-editor.default\">\n\t\t\t\t<div class=\"elementor-widget-container\">\n\t\t\t\t\t\t\t\t\t<p>Nasz program sta\u017cowy Laboratorium Kariery oferuje ambitnym studentom mo\u017cliwo\u015b\u0107 pracy u boku niekt\u00f3rych z wiod\u0105cych specjalist\u00f3w w bran\u017cy<\/p>\t\t\t\t\t\t\t\t<\/div>\n\t\t\t\t<\/div>\n\t\t\t\t<\/div>\n\t\t\t\t<\/div>\n\t\t<div data-particle_enable=\"false\" data-particle-mobile-disabled=\"false\" class=\"elementor-element elementor-element-183c623 e-con-full e-flex elementor-invisible e-con e-child\" data-id=\"183c623\" data-element_type=\"container\" data-e-type=\"container\" data-settings=\"{&quot;animation&quot;:&quot;fadeInUp&quot;,&quot;ekit_has_onepagescroll_dot&quot;:&quot;yes&quot;}\">\n\t\t\t\t<div class=\"elementor-element elementor-element-ddfff8d elementor-widget__width-initial elementor-widget elementor-widget-text-editor\" data-id=\"ddfff8d\" data-element_type=\"widget\" data-e-type=\"widget\" data-settings=\"{&quot;ekit_we_effect_on&quot;:&quot;none&quot;}\" data-widget_type=\"text-editor.default\">\n\t\t\t\t<div class=\"elementor-widget-container\">\n\t\t\t\t\t\t\t\t\tOd kilku lat Polpharma Biologics prowadzi program sta\u017cowy Laboratorium Kariery. W jego ramach uzdolnieni absolwenci wy\u017cszych uczelni, a tak\u017ce studenci ostatnich lat kierunk\u00f3w takich jak biotechnologia, biologia, chemia i nauki pokrewne, mog\u0105 ubiega\u0107 si\u0119 o roczny sta\u017c w firmie. Od wszystkich uczestnik\u00f3w wymagane jest p\u0142ynne pos\u0142ugiwanie si\u0119 j\u0119zykiem angielskim w mowie.\t\t\t\t\t\t\t\t<\/div>\n\t\t\t\t<\/div>\n\t\t\t\t<div class=\"elementor-element elementor-element-5ab8e13 elementor-widget elementor-widget-image\" data-id=\"5ab8e13\" data-element_type=\"widget\" data-e-type=\"widget\" data-settings=\"{&quot;ekit_we_effect_on&quot;:&quot;none&quot;}\" data-widget_type=\"image.default\">\n\t\t\t\t<div class=\"elementor-widget-container\">\n\t\t\t\t\t\t\t\t\t\t\t\t\t\t\t<img decoding=\"async\" width=\"800\" height=\"367\" src=\"https:\/\/polpharmabiologics.com\/wp-content\/uploads\/2025\/02\/lab_article-1.jpg\" class=\"attachment-large size-large wp-image-521\" alt=\"\" srcset=\"https:\/\/polpharmabiologics.com\/wp-content\/uploads\/2025\/02\/lab_article-1.jpg 970w, https:\/\/polpharmabiologics.com\/wp-content\/uploads\/2025\/02\/lab_article-1-300x138.jpg 300w, https:\/\/polpharmabiologics.com\/wp-content\/uploads\/2025\/02\/lab_article-1-768x352.jpg 768w\" sizes=\"(max-width: 800px) 100vw, 800px\" \/>\t\t\t\t\t\t\t\t\t\t\t\t\t\t\t<\/div>\n\t\t\t\t<\/div>\n\t\t\t\t<div class=\"elementor-element elementor-element-5f13353 elementor-widget__width-initial elementor-widget elementor-widget-text-editor\" data-id=\"5f13353\" data-element_type=\"widget\" data-e-type=\"widget\" data-settings=\"{&quot;ekit_we_effect_on&quot;:&quot;none&quot;}\" data-widget_type=\"text-editor.default\">\n\t\t\t\t<div class=\"elementor-widget-container\">\n\t\t\t\t\t\t\t\t\t<p>Nasze Laboratorium Kariery oferuje uczestnikom mo\u017cliwo\u015b\u0107 rozwijania kwalifikacji zawodowych dzi\u0119ki pracy z czo\u0142owymi specjalistami w bran\u017cy w jednym z najnowocze\u015bniejszych o\u015brodk\u00f3w biotechnologicznych w Europie.<\/p><p>\u00a0<\/p><p>Program sta\u017cu zmienia si\u0119 w poszczeg\u00f3lnych latach i obejmuje takie obszary jak badania i rozw\u00f3j, produkcja i kontrola jako\u015bci.<\/p>\t\t\t\t\t\t\t\t<\/div>\n\t\t\t\t<\/div>\n\t\t\t\t<\/div>\n\t\t\t\t\t<\/div>\n\t\t\t\t<\/div>\n\t\t<div data-particle_enable=\"false\" data-particle-mobile-disabled=\"false\" class=\"elementor-element elementor-element-ad3d36d e-con-full e-flex e-con e-parent\" data-id=\"ad3d36d\" data-element_type=\"container\" data-e-type=\"container\" data-settings=\"{&quot;ekit_has_onepagescroll_dot&quot;:&quot;yes&quot;}\">\n\t\t<div data-particle_enable=\"false\" data-particle-mobile-disabled=\"false\" class=\"elementor-element elementor-element-401118a e-con-full e-flex e-con e-child\" data-id=\"401118a\" data-element_type=\"container\" data-e-type=\"container\" data-settings=\"{&quot;background_background&quot;:&quot;classic&quot;,&quot;ekit_has_onepagescroll_dot&quot;:&quot;yes&quot;}\">\n\t\t<div data-particle_enable=\"false\" data-particle-mobile-disabled=\"false\" class=\"elementor-element elementor-element-d48a756 e-con-full e-flex e-con e-child\" data-id=\"d48a756\" data-element_type=\"container\" data-e-type=\"container\" data-settings=\"{&quot;ekit_has_onepagescroll_dot&quot;:&quot;yes&quot;}\">\n\t\t\t\t<div class=\"elementor-element elementor-element-6133986 elementor-widget elementor-widget-heading\" data-id=\"6133986\" data-element_type=\"widget\" data-e-type=\"widget\" data-settings=\"{&quot;ekit_we_effect_on&quot;:&quot;none&quot;}\" data-widget_type=\"heading.default\">\n\t\t\t\t<div class=\"elementor-widget-container\">\n\t\t\t\t\t<h2 class=\"elementor-heading-title elementor-size-default\">Program szkoleniowy Laboratorium Kariery Polpharma Biologics na rok 2021<\/h2>\t\t\t\t<\/div>\n\t\t\t\t<\/div>\n\t\t\t\t<div class=\"elementor-element elementor-element-e836e0c elementor-widget elementor-widget-text-editor\" data-id=\"e836e0c\" data-element_type=\"widget\" data-e-type=\"widget\" data-settings=\"{&quot;ekit_we_effect_on&quot;:&quot;none&quot;}\" data-widget_type=\"text-editor.default\">\n\t\t\t\t<div class=\"elementor-widget-container\">\n\t\t\t\t\t\t\t\t\tJu\u017c po raz sz\u00f3sty dajemy m\u0142odym i ambitnym osobom szans\u0119 na rozw\u00f3j poprzez prac\u0119 i zdobywanie do\u015bwiadczenia w\u015br\u00f3d najlepszych specjalist\u00f3w w najnowocze\u015bniejszych laboratoriach biotechnologicznych w Polsce. Informacje o programie dla sta\u017cyst\u00f3w na nast\u0119py rok przedstawimy na pocz\u0105tku 2021 roku.\t\t\t\t\t\t\t\t<\/div>\n\t\t\t\t<\/div>\n\t\t\t\t<div class=\"elementor-element elementor-element-8495af4 elementor-widget elementor-widget-image\" data-id=\"8495af4\" data-element_type=\"widget\" data-e-type=\"widget\" data-settings=\"{&quot;ekit_we_effect_on&quot;:&quot;none&quot;}\" data-widget_type=\"image.default\">\n\t\t\t\t<div class=\"elementor-widget-container\">\n\t\t\t\t\t\t\t\t\t\t\t\t\t\t\t<img decoding=\"async\" width=\"800\" height=\"367\" src=\"https:\/\/polpharmabiologics.com\/wp-content\/uploads\/2025\/02\/lab_article-2.jpg\" class=\"attachment-large size-large wp-image-522\" alt=\"\" srcset=\"https:\/\/polpharmabiologics.com\/wp-content\/uploads\/2025\/02\/lab_article-2.jpg 970w, https:\/\/polpharmabiologics.com\/wp-content\/uploads\/2025\/02\/lab_article-2-300x138.jpg 300w, https:\/\/polpharmabiologics.com\/wp-content\/uploads\/2025\/02\/lab_article-2-768x352.jpg 768w\" sizes=\"(max-width: 800px) 100vw, 800px\" \/>\t\t\t\t\t\t\t\t\t\t\t\t\t\t\t<\/div>\n\t\t\t\t<\/div>\n\t\t\t\t<\/div>\n\t\t\t\t<\/div>\n\t\t\t\t<\/div>\n\t\t\t\t<\/div>\n\t\t","protected":false},"excerpt":{"rendered":"<p>Laboratorium Kariery Rozwi\u0144 swoj\u0105 karier\u0119 z nami Nasz program sta\u017cowy Laboratorium Kariery oferuje ambitnym studentom mo\u017cliwo\u015b\u0107 pracy u boku niekt\u00f3rych z wiod\u0105cych specjalist\u00f3w w bran\u017cy Od kilku lat Polpharma Biologics prowadzi program sta\u017cowy Laboratorium Kariery. W jego ramach uzdolnieni absolwenci wy\u017cszych uczelni, a tak\u017ce studenci ostatnich lat kierunk\u00f3w takich jak biotechnologia, biologia, chemia i nauki [&hellip;]<\/p>\n","protected":false},"author":5,"featured_media":0,"parent":5099,"menu_order":0,"comment_status":"closed","ping_status":"closed","template":"","meta":{"footnotes":""},"class_list":["post-9817","page","type-page","status-publish","hentry"],"_links":{"self":[{"href":"https:\/\/polpharmabiologics.com\/pl\/wp-json\/wp\/v2\/pages\/9817","targetHints":{"allow":["GET"]}}],"collection":[{"href":"https:\/\/polpharmabiologics.com\/pl\/wp-json\/wp\/v2\/pages"}],"about":[{"href":"https:\/\/polpharmabiologics.com\/pl\/wp-json\/wp\/v2\/types\/page"}],"author":[{"embeddable":true,"href":"https:\/\/polpharmabiologics.com\/pl\/wp-json\/wp\/v2\/users\/5"}],"replies":[{"embeddable":true,"href":"https:\/\/polpharmabiologics.com\/pl\/wp-json\/wp\/v2\/comments?post=9817"}],"version-history":[{"count":0,"href":"https:\/\/polpharmabiologics.com\/pl\/wp-json\/wp\/v2\/pages\/9817\/revisions"}],"up":[{"embeddable":true,"href":"https:\/\/polpharmabiologics.com\/pl\/wp-json\/wp\/v2\/pages\/5099"}],"wp:attachment":[{"href":"https:\/\/polpharmabiologics.com\/pl\/wp-json\/wp\/v2\/media?parent=9817"}],"curies":[{"name":"wp","href":"https:\/\/api.w.org\/{rel}","templated":true}]}}